{"id":14374,"date":"2022-06-29T15:27:36","date_gmt":"2022-06-29T13:27:36","guid":{"rendered":"https:\/\/www.upcyclea.com\/diagnostico-pemd\/"},"modified":"2024-01-17T21:56:00","modified_gmt":"2024-01-17T20:56:00","slug":"diagnostico-recursos-pemd","status":"publish","type":"page","link":"https:\/\/upcyclea.com\/es\/diagnostico-recursos-pemd\/","title":{"rendered":"Importaci\u00f3n de diagn\u00f3stico PEMD"},"content":{"rendered":"\t\t<div data-elementor-type=\"wp-page\" data-elementor-id=\"14374\" class=\"elementor elementor-14374 elementor-1237\" data-elementor-post-type=\"page\">\n\t\t\t\t\t\t<section class=\"elementor-section elementor-top-section elementor-element elementor-element-1a6e069 elementor-section-boxed elementor-section-height-default elementor-section-height-default\" data-id=\"1a6e069\" data-element_type=\"section\" data-e-type=\"section\" data-settings=\"{&quot;background_background&quot;:&quot;classic&quot;,&quot;shape_divider_bottom&quot;:&quot;triangle-asymmetrical&quot;,&quot;shape_divider_bottom_negative&quot;:&quot;yes&quot;}\">\n\t\t\t\t\t\t\t<div class=\"elementor-background-overlay\"><\/div>\n\t\t\t\t\t\t<div class=\"elementor-shape elementor-shape-bottom\" aria-hidden=\"true\" data-negative=\"true\">\n\t\t\t<svg xmlns=\"http:\/\/www.w3.org\/2000\/svg\" viewBox=\"0 0 1000 100\" preserveAspectRatio=\"none\">\n\t<path class=\"elementor-shape-fill\" d=\"M737.9,94.7L0,0v100h1000V0L737.9,94.7z\"\/>\n<\/svg>\t\t<\/div>\n\t\t\t\t\t<div class=\"elementor-container elementor-column-gap-default\">\n\t\t\t\t\t<div class=\"elementor-column elementor-col-100 elementor-top-column elementor-element elementor-element-2baaa8b\" data-id=\"2baaa8b\" data-element_type=\"column\" data-e-type=\"column\">\n\t\t\t<div class=\"elementor-widget-wrap elementor-element-populated\">\n\t\t\t\t\t\t<div class=\"elementor-element elementor-element-0969107 elementor-widget elementor-widget-heading\" data-id=\"0969107\" data-element_type=\"widget\" data-e-type=\"widget\" data-widget_type=\"heading.default\">\n\t\t\t\t<div class=\"elementor-widget-container\">\n\t\t\t\t\t<h1 class=\"elementor-heading-title elementor-size-default\">A\u00f1ada valor a su<br>Recursos\/ Diagn\u00f3stico PEMD <br>en 3 pasos<\/h1>\t\t\t\t<\/div>\n\t\t\t\t<\/div>\n\t\t\t\t<div class=\"elementor-element elementor-element-684daff elementor-widget__width-initial elementor-absolute elementor-widget-tablet__width-auto elementor-widget elementor-widget-image\" data-id=\"684daff\" data-element_type=\"widget\" data-e-type=\"widget\" data-settings=\"{&quot;_position&quot;:&quot;absolute&quot;}\" data-widget_type=\"image.default\">\n\t\t\t\t<div class=\"elementor-widget-container\">\n\t\t\t\t\t\t\t\t\t\t\t\t\t\t\t<img decoding=\"async\" width=\"33\" height=\"173\" src=\"https:\/\/upcyclea.com\/wp-content\/uploads\/2022\/08\/Ligne-Blanc-1.svg\" class=\"attachment-full size-full wp-image-13177\" alt=\"\" \/>\t\t\t\t\t\t\t\t\t\t\t\t\t\t\t<\/div>\n\t\t\t\t<\/div>\n\t\t\t\t<div class=\"elementor-element elementor-element-83b0694 elementor-widget__width-initial elementor-absolute elementor-widget elementor-widget-image\" data-id=\"83b0694\" data-element_type=\"widget\" data-e-type=\"widget\" data-settings=\"{&quot;_position&quot;:&quot;absolute&quot;}\" data-widget_type=\"image.default\">\n\t\t\t\t<div class=\"elementor-widget-container\">\n\t\t\t\t\t\t\t\t\t\t\t\t\t\t\t<img decoding=\"async\" width=\"157\" height=\"157\" src=\"https:\/\/upcyclea.com\/wp-content\/uploads\/2022\/08\/Fle\u0300che-orange-1.svg\" class=\"attachment-full size-full wp-image-13235\" alt=\"\" \/>\t\t\t\t\t\t\t\t\t\t\t\t\t\t\t<\/div>\n\t\t\t\t<\/div>\n\t\t\t\t\t<\/div>\n\t\t<\/div>\n\t\t\t\t\t<\/div>\n\t\t<\/section>\n\t\t\t\t<section class=\"elementor-section elementor-top-section elementor-element elementor-element-7fa0fe3 elementor-reverse-mobile elementor-section-boxed elementor-section-height-default elementor-section-height-default\" data-id=\"7fa0fe3\" data-element_type=\"section\" data-e-type=\"section\" data-settings=\"{&quot;background_background&quot;:&quot;classic&quot;}\">\n\t\t\t\t\t\t<div class=\"elementor-container elementor-column-gap-default\">\n\t\t\t\t\t<div class=\"elementor-column elementor-col-50 elementor-top-column elementor-element elementor-element-e4a56b3\" data-id=\"e4a56b3\" data-element_type=\"column\" data-e-type=\"column\">\n\t\t\t<div class=\"elementor-widget-wrap elementor-element-populated\">\n\t\t\t\t\t\t<div class=\"elementor-element elementor-element-6d91abe elementor-widget elementor-widget-heading\" data-id=\"6d91abe\" data-element_type=\"widget\" data-e-type=\"widget\" data-widget_type=\"heading.default\">\n\t\t\t\t<div class=\"elementor-widget-container\">\n\t\t\t\t\t<h2 class=\"elementor-heading-title elementor-size-default\">Importe sus diagn\u00f3sticos de Recursos o PEMD* a myUpcyclea\u00ae en unos pocos clics<\/h2>\t\t\t\t<\/div>\n\t\t\t\t<\/div>\n\t\t\t\t<div class=\"elementor-element elementor-element-8e914e0 elementor-widget elementor-widget-text-editor\" data-id=\"8e914e0\" data-element_type=\"widget\" data-e-type=\"widget\" data-widget_type=\"text-editor.default\">\n\t\t\t\t<div class=\"elementor-widget-container\">\n\t\t\t\t\t\t\t\t\t<h5>myUpcyclea\u00ae permite digitalizar los inventarios resultantes de los diagn\u00f3sticos de EDP<\/h5>\n\t\t\t\t\t\t\t\t<\/div>\n\t\t\t\t<\/div>\n\t\t\t\t<div class=\"elementor-element elementor-element-915f14e elementor-widget elementor-widget-text-editor\" data-id=\"915f14e\" data-element_type=\"widget\" data-e-type=\"widget\" data-widget_type=\"text-editor.default\">\n\t\t\t\t<div class=\"elementor-widget-container\">\n\t\t\t\t\t\t\t\t\t<p>Los inventarios digitalizados pueden ser ampliamente compartidos para su consulta con agentes internos y externos que deseen reutilizar o recuperar materias primas secundarias (como los fabricantes de productos)<\/p>\n\t\t\t\t\t\t\t\t<\/div>\n\t\t\t\t<\/div>\n\t\t\t\t<div class=\"elementor-element elementor-element-d294b07 elementor-widget elementor-widget-text-editor\" data-id=\"d294b07\" data-element_type=\"widget\" data-e-type=\"widget\" data-widget_type=\"text-editor.default\">\n\t\t\t\t<div class=\"elementor-widget-container\">\n\t\t\t\t\t\t\t\t\t<h6>* PEMD = \u00abProductos, Equipos, Materiales, Residuos\u00bb, seg\u00fan la definici\u00f3n de la ley contra los residuos y la econom\u00eda circular de febrero de 2020<\/h6>\n\t\t\t\t\t\t\t\t<\/div>\n\t\t\t\t<\/div>\n\t\t\t\t\t<\/div>\n\t\t<\/div>\n\t\t\t\t<div class=\"elementor-column elementor-col-50 elementor-top-column elementor-element elementor-element-a928f76\" data-id=\"a928f76\" data-element_type=\"column\" data-e-type=\"column\">\n\t\t\t<div class=\"elementor-widget-wrap elementor-element-populated\">\n\t\t\t\t\t\t<div class=\"elementor-element elementor-element-ea0525a elementor-widget elementor-widget-image\" data-id=\"ea0525a\" data-element_type=\"widget\" data-e-type=\"widget\" data-widget_type=\"image.default\">\n\t\t\t\t<div class=\"elementor-widget-container\">\n\t\t\t\t\t\t\t\t\t\t\t\t\t\t\t<img fetchpriority=\"high\" decoding=\"async\" width=\"543\" height=\"400\" src=\"https:\/\/upcyclea.com\/wp-content\/uploads\/2022\/06\/image-34.svg\" class=\"attachment-full size-full wp-image-12827\" alt=\"Diagnostics ressources\" \/>\t\t\t\t\t\t\t\t\t\t\t\t\t\t\t<\/div>\n\t\t\t\t<\/div>\n\t\t\t\t\t<\/div>\n\t\t<\/div>\n\t\t\t\t\t<\/div>\n\t\t<\/section>\n\t\t\t\t<section class=\"elementor-section elementor-top-section elementor-element elementor-element-9f17bed elementor-section-full_width elementor-section-height-default elementor-section-height-default\" data-id=\"9f17bed\" data-element_type=\"section\" data-e-type=\"section\">\n\t\t\t\t\t\t<div class=\"elementor-container elementor-column-gap-default\">\n\t\t\t\t\t<div class=\"elementor-column elementor-col-100 elementor-top-column elementor-element elementor-element-0703749\" data-id=\"0703749\" data-element_type=\"column\" data-e-type=\"column\">\n\t\t\t<div class=\"elementor-widget-wrap elementor-element-populated\">\n\t\t\t\t\t\t<div class=\"elementor-element elementor-element-7da92dc elementor-widget elementor-widget-image\" data-id=\"7da92dc\" data-element_type=\"widget\" data-e-type=\"widget\" data-widget_type=\"image.default\">\n\t\t\t\t<div class=\"elementor-widget-container\">\n\t\t\t\t\t\t\t\t\t\t\t\t\t\t\t<img loading=\"lazy\" decoding=\"async\" width=\"1392\" height=\"41\" src=\"https:\/\/upcyclea.com\/wp-content\/uploads\/2022\/06\/Group-229.png\" class=\"attachment-full size-full wp-image-12737\" alt=\"\" srcset=\"https:\/\/upcyclea.com\/wp-content\/uploads\/2022\/06\/Group-229.png 1392w, https:\/\/upcyclea.com\/wp-content\/uploads\/2022\/06\/Group-229-300x9.png 300w, https:\/\/upcyclea.com\/wp-content\/uploads\/2022\/06\/Group-229-1024x30.png 1024w, https:\/\/upcyclea.com\/wp-content\/uploads\/2022\/06\/Group-229-768x23.png 768w\" sizes=\"(max-width: 1392px) 100vw, 1392px\" \/>\t\t\t\t\t\t\t\t\t\t\t\t\t\t\t<\/div>\n\t\t\t\t<\/div>\n\t\t\t\t\t<\/div>\n\t\t<\/div>\n\t\t\t\t\t<\/div>\n\t\t<\/section>\n\t\t\t\t<section class=\"elementor-section elementor-top-section elementor-element elementor-element-86a946e elementor-section-boxed elementor-section-height-default elementor-section-height-default\" data-id=\"86a946e\" data-element_type=\"section\" data-e-type=\"section\" data-settings=\"{&quot;background_background&quot;:&quot;classic&quot;}\">\n\t\t\t\t\t\t<div class=\"elementor-container elementor-column-gap-default\">\n\t\t\t\t\t<div class=\"elementor-column elementor-col-50 elementor-top-column elementor-element elementor-element-1420fcb\" data-id=\"1420fcb\" data-element_type=\"column\" data-e-type=\"column\">\n\t\t\t<div class=\"elementor-widget-wrap elementor-element-populated\">\n\t\t\t\t\t\t<div class=\"elementor-element elementor-element-92aec71 elementor-widget elementor-widget-image\" data-id=\"92aec71\" data-element_type=\"widget\" data-e-type=\"widget\" data-widget_type=\"image.default\">\n\t\t\t\t<div class=\"elementor-widget-container\">\n\t\t\t\t\t\t\t\t\t\t\t\t\t\t\t<img loading=\"lazy\" decoding=\"async\" width=\"1536\" height=\"1151\" src=\"https:\/\/upcyclea.com\/wp-content\/uploads\/2022\/08\/Moteur-re\u0301emploi-1536x1151-1.png\" class=\"attachment-full size-full wp-image-13305\" alt=\"\" srcset=\"https:\/\/upcyclea.com\/wp-content\/uploads\/2022\/08\/Moteur-re\u0301emploi-1536x1151-1.png 1536w, https:\/\/upcyclea.com\/wp-content\/uploads\/2022\/08\/Moteur-re\u0301emploi-1536x1151-1-300x225.png 300w, https:\/\/upcyclea.com\/wp-content\/uploads\/2022\/08\/Moteur-re\u0301emploi-1536x1151-1-1024x767.png 1024w, https:\/\/upcyclea.com\/wp-content\/uploads\/2022\/08\/Moteur-re\u0301emploi-1536x1151-1-768x576.png 768w\" sizes=\"(max-width: 1536px) 100vw, 1536px\" \/>\t\t\t\t\t\t\t\t\t\t\t\t\t\t\t<\/div>\n\t\t\t\t<\/div>\n\t\t\t\t\t<\/div>\n\t\t<\/div>\n\t\t\t\t<div class=\"elementor-column elementor-col-50 elementor-top-column elementor-element elementor-element-0a21307\" data-id=\"0a21307\" data-element_type=\"column\" data-e-type=\"column\">\n\t\t\t<div class=\"elementor-widget-wrap elementor-element-populated\">\n\t\t\t\t\t\t<div class=\"elementor-element elementor-element-70e6f5f elementor-widget elementor-widget-heading\" data-id=\"70e6f5f\" data-element_type=\"widget\" data-e-type=\"widget\" data-widget_type=\"heading.default\">\n\t\t\t\t<div class=\"elementor-widget-container\">\n\t\t\t\t\t<h2 class=\"elementor-heading-title elementor-size-default\">myUpcyclea\u00ae le ofrece una correspondencia autom\u00e1tica entre los dep\u00f3sitos y las necesidades <\/h2>\t\t\t\t<\/div>\n\t\t\t\t<\/div>\n\t\t\t\t<div class=\"elementor-element elementor-element-46fed07 elementor-widget elementor-widget-text-editor\" data-id=\"46fed07\" data-element_type=\"widget\" data-e-type=\"widget\" data-widget_type=\"text-editor.default\">\n\t\t\t\t<div class=\"elementor-widget-container\">\n\t\t\t\t\t\t\t\t\t<h5>Sus socios consultan los dep\u00f3sitos digitalizados y declaran sus necesidades. myUpcyclea\u00ae tambi\u00e9n ofrece una biblioteca p\u00fablica de las necesidades de los fabricantes de materias primas secundarias. Una b\u00fasqueda avanzada y basada en mapas facilita la declaraci\u00f3n de necesidades<\/h5>\n\t\t\t\t\t\t\t\t<\/div>\n\t\t\t\t<\/div>\n\t\t\t\t<div class=\"elementor-element elementor-element-0e322e7 elementor-widget elementor-widget-text-editor\" data-id=\"0e322e7\" data-element_type=\"widget\" data-e-type=\"widget\" data-widget_type=\"text-editor.default\">\n\t\t\t\t<div class=\"elementor-widget-container\">\n\t\t\t\t\t\t\t\t\t<p>Gracias al principio de los <a href=\"https:\/\/upcyclea.com\/es\/circular-pasaporte-libreria\/\" target=\"_blank\" rel=\"noopener\">Pasaportes Circulares\u00ae<\/a>, los dep\u00f3sitos y las necesidades se caracterizan por atributos que permiten a la IA de myUpcyclea\u00ae establecer autom\u00e1ticamente correspondencias entre los dep\u00f3sitos y las necesidades, y proponer ecosistemas de recuperaci\u00f3n<\/p>\n\t\t\t\t\t\t\t\t<\/div>\n\t\t\t\t<\/div>\n\t\t\t\t\t<\/div>\n\t\t<\/div>\n\t\t\t\t\t<\/div>\n\t\t<\/section>\n\t\t\t\t<section class=\"elementor-section elementor-top-section elementor-element elementor-element-f79d09c elementor-section-full_width elementor-section-height-default elementor-section-height-default\" data-id=\"f79d09c\" data-element_type=\"section\" data-e-type=\"section\">\n\t\t\t\t\t\t<div class=\"elementor-container elementor-column-gap-default\">\n\t\t\t\t\t<div class=\"elementor-column elementor-col-100 elementor-top-column elementor-element elementor-element-e0b3f9c\" data-id=\"e0b3f9c\" data-element_type=\"column\" data-e-type=\"column\">\n\t\t\t<div class=\"elementor-widget-wrap elementor-element-populated\">\n\t\t\t\t\t\t<div class=\"elementor-element elementor-element-b8d3bb5 elementor-widget elementor-widget-image\" data-id=\"b8d3bb5\" data-element_type=\"widget\" data-e-type=\"widget\" data-widget_type=\"image.default\">\n\t\t\t\t<div class=\"elementor-widget-container\">\n\t\t\t\t\t\t\t\t\t\t\t\t\t\t\t<img loading=\"lazy\" decoding=\"async\" width=\"1392\" height=\"41\" src=\"https:\/\/upcyclea.com\/wp-content\/uploads\/2022\/06\/Group-232.png\" class=\"attachment-full size-full wp-image-12749\" alt=\"\" srcset=\"https:\/\/upcyclea.com\/wp-content\/uploads\/2022\/06\/Group-232.png 1392w, https:\/\/upcyclea.com\/wp-content\/uploads\/2022\/06\/Group-232-300x9.png 300w, https:\/\/upcyclea.com\/wp-content\/uploads\/2022\/06\/Group-232-1024x30.png 1024w, https:\/\/upcyclea.com\/wp-content\/uploads\/2022\/06\/Group-232-768x23.png 768w\" sizes=\"(max-width: 1392px) 100vw, 1392px\" \/>\t\t\t\t\t\t\t\t\t\t\t\t\t\t\t<\/div>\n\t\t\t\t<\/div>\n\t\t\t\t\t<\/div>\n\t\t<\/div>\n\t\t\t\t\t<\/div>\n\t\t<\/section>\n\t\t\t\t<section class=\"elementor-section elementor-top-section elementor-element elementor-element-f1cb4c1 elementor-reverse-mobile elementor-section-boxed elementor-section-height-default elementor-section-height-default\" data-id=\"f1cb4c1\" data-element_type=\"section\" data-e-type=\"section\" data-settings=\"{&quot;background_background&quot;:&quot;classic&quot;}\">\n\t\t\t\t\t\t<div class=\"elementor-container elementor-column-gap-default\">\n\t\t\t\t\t<div class=\"elementor-column elementor-col-50 elementor-top-column elementor-element elementor-element-795ce02\" data-id=\"795ce02\" data-element_type=\"column\" data-e-type=\"column\">\n\t\t\t<div class=\"elementor-widget-wrap elementor-element-populated\">\n\t\t\t\t\t\t<div class=\"elementor-element elementor-element-e6857ad elementor-widget elementor-widget-heading\" data-id=\"e6857ad\" data-element_type=\"widget\" data-e-type=\"widget\" data-widget_type=\"heading.default\">\n\t\t\t\t<div class=\"elementor-widget-container\">\n\t\t\t\t\t<h2 class=\"elementor-heading-title elementor-size-default\">Gestionar los ecosistemas de reutilizaci\u00f3n o upcycling de los productos inventariados<\/h2>\t\t\t\t<\/div>\n\t\t\t\t<\/div>\n\t\t\t\t<div class=\"elementor-element elementor-element-397906b elementor-widget elementor-widget-text-editor\" data-id=\"397906b\" data-element_type=\"widget\" data-e-type=\"widget\" data-widget_type=\"text-editor.default\">\n\t\t\t\t<div class=\"elementor-widget-container\">\n\t\t\t\t\t\t\t\t\t<p>myUpcyclea\u00ae permite gestionar y trazar los ecosistemas, calcular autom\u00e1ticamente, para cada ecosistema, los vol\u00famenes de CO2 y de residuos evitados, el balance h\u00eddrico, as\u00ed como el balance econ\u00f3mico asociado<\/p>\n\t\t\t\t\t\t\t\t<\/div>\n\t\t\t\t<\/div>\n\t\t\t\t\t<\/div>\n\t\t<\/div>\n\t\t\t\t<div class=\"elementor-column elementor-col-50 elementor-top-column elementor-element elementor-element-8b1c406\" data-id=\"8b1c406\" data-element_type=\"column\" data-e-type=\"column\">\n\t\t\t<div class=\"elementor-widget-wrap elementor-element-populated\">\n\t\t\t\t\t\t<div class=\"elementor-element elementor-element-8fc3307 elementor-widget elementor-widget-image\" data-id=\"8fc3307\" data-element_type=\"widget\" data-e-type=\"widget\" data-widget_type=\"image.default\">\n\t\t\t\t<div class=\"elementor-widget-container\">\n\t\t\t\t\t\t\t\t\t\t\t\t\t\t\t<img loading=\"lazy\" decoding=\"async\" width=\"599\" height=\"400\" src=\"https:\/\/upcyclea.com\/wp-content\/uploads\/2022\/06\/image-33-1.svg\" class=\"attachment-full size-full wp-image-12829\" alt=\"\" \/>\t\t\t\t\t\t\t\t\t\t\t\t\t\t\t<\/div>\n\t\t\t\t<\/div>\n\t\t\t\t\t<\/div>\n\t\t<\/div>\n\t\t\t\t\t<\/div>\n\t\t<\/section>\n\t\t\t\t<section class=\"elementor-section elementor-top-section elementor-element elementor-element-f41fcdd elementor-section-boxed elementor-section-height-default elementor-section-height-default\" data-id=\"f41fcdd\" data-element_type=\"section\" data-e-type=\"section\">\n\t\t\t\t\t\t<div class=\"elementor-container elementor-column-gap-default\">\n\t\t\t\t\t<div class=\"elementor-column elementor-col-100 elementor-top-column elementor-element elementor-element-9a4b07e\" data-id=\"9a4b07e\" data-element_type=\"column\" data-e-type=\"column\">\n\t\t\t<div class=\"elementor-widget-wrap elementor-element-populated\">\n\t\t\t\t\t\t<div class=\"elementor-element elementor-element-410d085 elementor-align-left elementor-widget__width-auto elementor-fixed sticky-button elementor-hidden-mobile elementor-widget elementor-widget-button\" data-id=\"410d085\" data-element_type=\"widget\" data-e-type=\"widget\" data-settings=\"{&quot;_position&quot;:&quot;fixed&quot;}\" data-widget_type=\"button.default\">\n\t\t\t\t<div class=\"elementor-widget-container\">\n\t\t\t\t\t\t\t\t\t<div class=\"elementor-button-wrapper\">\n\t\t\t\t\t<a class=\"elementor-button elementor-button-link elementor-size-sm\" href=\"https:\/\/upcyclea.zohobookings.eu\/#\/customer\/decouverte-xtine\" target=\"_blank\" rel=\"noopener\">\n\t\t\t\t\t\t<span class=\"elementor-button-content-wrapper\">\n\t\t\t\t\t\t\t\t\t<span class=\"elementor-button-text\">Nosotros <br> contactar con<\/span>\n\t\t\t\t\t<\/span>\n\t\t\t\t\t<\/a>\n\t\t\t\t<\/div>\n\t\t\t\t\t\t\t\t<\/div>\n\t\t\t\t<\/div>\n\t\t\t\t\t<\/div>\n\t\t<\/div>\n\t\t\t\t\t<\/div>\n\t\t<\/section>\n\t\t\t\t<\/div>\n\t\t","protected":false},"excerpt":{"rendered":"<p>A\u00f1ada valor a suRecursos\/ Diagn\u00f3stico PEMD en 3 pasos Importe sus diagn\u00f3sticos de Recursos o PEMD* a myUpcyclea\u00ae en unos pocos clics myUpcyclea\u00ae permite digitalizar los inventarios resultantes de los diagn\u00f3sticos de EDP Los inventarios digitalizados pueden ser ampliamente compartidos para su consulta con agentes internos y externos que deseen reutilizar o recuperar materias primas [&hellip;]<\/p>\n","protected":false},"author":1,"featured_media":0,"parent":0,"menu_order":0,"comment_status":"closed","ping_status":"closed","template":"","meta":{"footnotes":""},"class_list":["post-14374","page","type-page","status-publish","hentry"],"_links":{"self":[{"href":"https:\/\/upcyclea.com\/es\/wp-json\/wp\/v2\/pages\/14374","targetHints":{"allow":["GET"]}}],"collection":[{"href":"https:\/\/upcyclea.com\/es\/wp-json\/wp\/v2\/pages"}],"about":[{"href":"https:\/\/upcyclea.com\/es\/wp-json\/wp\/v2\/types\/page"}],"author":[{"embeddable":true,"href":"https:\/\/upcyclea.com\/es\/wp-json\/wp\/v2\/users\/1"}],"replies":[{"embeddable":true,"href":"https:\/\/upcyclea.com\/es\/wp-json\/wp\/v2\/comments?post=14374"}],"version-history":[{"count":2,"href":"https:\/\/upcyclea.com\/es\/wp-json\/wp\/v2\/pages\/14374\/revisions"}],"predecessor-version":[{"id":20700,"href":"https:\/\/upcyclea.com\/es\/wp-json\/wp\/v2\/pages\/14374\/revisions\/20700"}],"wp:attachment":[{"href":"https:\/\/upcyclea.com\/es\/wp-json\/wp\/v2\/media?parent=14374"}],"curies":[{"name":"wp","href":"https:\/\/api.w.org\/{rel}","templated":true}]}}