{"id":14376,"date":"2022-08-16T08:40:26","date_gmt":"2022-08-16T06:40:26","guid":{"rendered":"https:\/\/www.upcyclea.com\/fabricante-ofertas\/"},"modified":"2025-06-30T23:08:28","modified_gmt":"2025-06-30T21:08:28","slug":"fabricante-ofertas","status":"publish","type":"page","link":"https:\/\/upcyclea.com\/es\/fabricante-ofertas\/","title":{"rendered":"Fabricante &#8211; Ofertas"},"content":{"rendered":"\t\t<div data-elementor-type=\"wp-page\" data-elementor-id=\"14376\" class=\"elementor elementor-14376 elementor-9580\" data-elementor-post-type=\"page\">\n\t\t\t\t\t\t<section class=\"elementor-section elementor-top-section elementor-element elementor-element-faa24f0 elementor-section-boxed elementor-section-height-default elementor-section-height-default\" data-id=\"faa24f0\" data-element_type=\"section\" data-e-type=\"section\" data-settings=\"{&quot;background_background&quot;:&quot;classic&quot;,&quot;shape_divider_bottom&quot;:&quot;triangle-asymmetrical&quot;,&quot;shape_divider_bottom_negative&quot;:&quot;yes&quot;}\">\n\t\t\t\t\t\t\t<div class=\"elementor-background-overlay\"><\/div>\n\t\t\t\t\t\t<div class=\"elementor-shape elementor-shape-bottom\" aria-hidden=\"true\" data-negative=\"true\">\n\t\t\t<svg xmlns=\"http:\/\/www.w3.org\/2000\/svg\" viewBox=\"0 0 1000 100\" preserveAspectRatio=\"none\">\n\t<path class=\"elementor-shape-fill\" d=\"M737.9,94.7L0,0v100h1000V0L737.9,94.7z\"\/>\n<\/svg>\t\t<\/div>\n\t\t\t\t\t<div class=\"elementor-container elementor-column-gap-default\">\n\t\t\t\t\t<div class=\"elementor-column elementor-col-100 elementor-top-column elementor-element elementor-element-c75545c\" data-id=\"c75545c\" data-element_type=\"column\" data-e-type=\"column\">\n\t\t\t<div class=\"elementor-widget-wrap elementor-element-populated\">\n\t\t\t\t\t\t<div class=\"elementor-element elementor-element-a177c13 elementor-widget elementor-widget-heading\" data-id=\"a177c13\" data-element_type=\"widget\" data-e-type=\"widget\" data-widget_type=\"heading.default\">\n\t\t\t\t<div class=\"elementor-widget-container\">\n\t\t\t\t\t<h2 class=\"elementor-heading-title elementor-size-default\">Elija la opci\u00f3n de creaci\u00f3n de pasaporte que m\u00e1s le convenga<\/h2>\t\t\t\t<\/div>\n\t\t\t\t<\/div>\n\t\t\t\t\t<\/div>\n\t\t<\/div>\n\t\t\t\t\t<\/div>\n\t\t<\/section>\n\t\t\t\t<section class=\"elementor-section elementor-top-section elementor-element elementor-element-30d04b0 elementor-section-boxed elementor-section-height-default elementor-section-height-default\" data-id=\"30d04b0\" data-element_type=\"section\" data-e-type=\"section\" data-settings=\"{&quot;background_background&quot;:&quot;classic&quot;}\">\n\t\t\t\t\t\t<div class=\"elementor-container elementor-column-gap-default\">\n\t\t\t\t\t<div class=\"elementor-column elementor-col-25 elementor-top-column elementor-element elementor-element-05dcc84\" data-id=\"05dcc84\" data-element_type=\"column\" data-e-type=\"column\">\n\t\t\t<div class=\"elementor-widget-wrap elementor-element-populated\">\n\t\t\t\t\t\t<div class=\"elementor-element elementor-element-10e8c42 elementor-widget__width-auto elementor-absolute elementor-widget elementor-widget-image\" data-id=\"10e8c42\" data-element_type=\"widget\" data-e-type=\"widget\" data-settings=\"{&quot;_position&quot;:&quot;absolute&quot;}\" data-widget_type=\"image.default\">\n\t\t\t\t<div class=\"elementor-widget-container\">\n\t\t\t\t\t\t\t\t\t\t\t\t\t\t\t<img decoding=\"async\" width=\"201\" height=\"218\" src=\"https:\/\/upcyclea.com\/wp-content\/uploads\/2022\/08\/Bulle-orange-Opaque-1.svg\" class=\"attachment-full size-full wp-image-13187\" alt=\"\" \/>\t\t\t\t\t\t\t\t\t\t\t\t\t\t\t<\/div>\n\t\t\t\t<\/div>\n\t\t\t\t<div class=\"elementor-element elementor-element-772fb41 elementor-widget elementor-widget-price-table\" data-id=\"772fb41\" data-element_type=\"widget\" data-e-type=\"widget\" data-widget_type=\"price-table.default\">\n\t\t\t\t<div class=\"elementor-widget-container\">\n\t\t\t\t\t\n\t\t<div class=\"elementor-price-table\">\n\t\t\t\t\t\t\t<div class=\"elementor-price-table__header\">\n\t\t\t\t\t\t\t\t\t\t\t<h2 class=\"elementor-price-table__heading\">\n\t\t\t\t\t\tGratis\t\t\t\t\t\t<\/h2>\n\t\t\t\t\t\n\t\t\t\t\t\t\t\t\t<\/div>\n\t\t\t\n\t\t\t<div class=\"elementor-price-table__price\">\n\t\t\t\t\t\t\t\t<span class=\"elementor-price-table__currency\">&#128;<\/span>\t\t\t\t\t\t\t\t\t<span class=\"elementor-price-table__integer-part\">\n\t\t\t\t\t\t0\t\t\t\t\t<\/span>\n\t\t\t\t\n\t\t\t\t\n\t\t\t\t\n\t\t\t\t\t\t\t\t\t<span class=\"elementor-price-table__period elementor-typo-excluded\">incondicionalmente<br><br><span style=\"font-size: 28px;font-weight: 700;color: #00b0f0\">DESCUBRE<\/span><\/span>\t\t\t\t\t\t\t<\/div>\n\n\t\t\t\t\t\t\t<ul class=\"elementor-price-table__features-list\">\n\t\t\t\t\t\t\t\t\t\t\t<li class=\"elementor-repeater-item-8639d53\">\n\t\t\t\t\t\t\t<div class=\"elementor-price-table__feature-inner\">\n\t\t\t\t\t\t\t\t<svg xmlns=\"http:\/\/www.w3.org\/2000\/svg\" width=\"39\" height=\"40\" viewBox=\"0 0 39 40\" fill=\"none\"><path d=\"M35.6657 14.0773C36.521 16.1301 37 18.3882 37 20.7831C37 30.4654 29.1652 38.3002 19.4829 38.3002C9.80059 38.3002 2 30.4312 2 20.7489C2 11.0666 9.8348 3.26599 19.5171 3.26599C21.9462 3.26599 24.2385 3.74497 26.3255 4.63452\" stroke=\"#4B08A1\" stroke-width=\"3\" stroke-miterlimit=\"10\" stroke-linecap=\"round\"><\/path><path d=\"M9.73145 15.9589L18.1137 29.2336L36.3834 2\" stroke=\"#4B08A1\" stroke-width=\"3\" stroke-miterlimit=\"10\" stroke-linecap=\"round\" stroke-linejoin=\"round\"><\/path><\/svg>\t\t\t\t\t\t\t\t\t\t\t\t\t\t\t\t\t<span >\n\t\t\t\t\t\t\t\t\t\tPublicaci\u00f3n gratuita de un n\u00famero ilimitado de pasaportes en la biblioteca Upcyclea\t\t\t\t\t\t\t\t\t<\/span>\n\t\t\t\t\t\t\t\t\t\t\t\t\t\t\t\t<\/div>\n\t\t\t\t\t\t<\/li>\n\t\t\t\t\t\t\t\t\t<\/ul>\n\t\t\t\n\t\t\t\t\t\t\t<div class=\"elementor-price-table__footer\">\n\t\t\t\t\t\t\t\t\t\t\t<a class=\"elementor-price-table__button elementor-button elementor-size-md\" href=\"\/es\/fabricante-oferta-plan-gratuito\/\">\n\t\t\t\t\t\t\tElija este plan\t\t\t\t\t\t<\/a>\n\t\t\t\t\t\n\t\t\t\t\t\t\t\t\t<\/div>\n\t\t\t\t\t<\/div>\n\n\t\t\t\t\t\t<\/div>\n\t\t\t\t<\/div>\n\t\t\t\t\t<\/div>\n\t\t<\/div>\n\t\t\t\t<div class=\"elementor-column elementor-col-25 elementor-top-column elementor-element elementor-element-d34cb1b\" data-id=\"d34cb1b\" data-element_type=\"column\" data-e-type=\"column\">\n\t\t\t<div class=\"elementor-widget-wrap elementor-element-populated\">\n\t\t\t\t\t\t<div class=\"elementor-element elementor-element-12f9f01 elementor-widget elementor-widget-price-table\" data-id=\"12f9f01\" data-element_type=\"widget\" data-e-type=\"widget\" data-widget_type=\"price-table.default\">\n\t\t\t\t<div class=\"elementor-widget-container\">\n\t\t\t\t\t\n\t\t<div class=\"elementor-price-table\">\n\t\t\t\t\t\t\t<div class=\"elementor-price-table__header\">\n\t\t\t\t\t\t\t\t\t\t\t<h2 class=\"elementor-price-table__heading\">\n\t\t\t\t\t\tB\u00e1sico\t\t\t\t\t\t<\/h2>\n\t\t\t\t\t\n\t\t\t\t\t\t\t\t\t<\/div>\n\t\t\t\n\t\t\t<div class=\"elementor-price-table__price\">\n\t\t\t\t\t\t\t\t<span class=\"elementor-price-table__currency\">&#128;<\/span>\t\t\t\t\t\t\t\t\t<span class=\"elementor-price-table__integer-part\">\n\t\t\t\t\t\t29\t\t\t\t\t<\/span>\n\t\t\t\t\n\t\t\t\t\n\t\t\t\t\n\t\t\t\t\t\t\t\t\t<span class=\"elementor-price-table__period elementor-typo-excluded\">(sin IVA) al mes<br><br><span style=\"font-size: 28px;font-weight: 700;color: #00b0f0\">EXPERIENCIA<\/span><\/span>\t\t\t\t\t\t\t<\/div>\n\n\t\t\t\t\t\t\t<ul class=\"elementor-price-table__features-list\">\n\t\t\t\t\t\t\t\t\t\t\t<li class=\"elementor-repeater-item-8639d53\">\n\t\t\t\t\t\t\t<div class=\"elementor-price-table__feature-inner\">\n\t\t\t\t\t\t\t\t<svg xmlns=\"http:\/\/www.w3.org\/2000\/svg\" width=\"39\" height=\"40\" viewBox=\"0 0 39 40\" fill=\"none\"><path d=\"M35.6657 14.0773C36.521 16.1301 37 18.3882 37 20.7831C37 30.4654 29.1652 38.3002 19.4829 38.3002C9.80059 38.3002 2 30.4312 2 20.7489C2 11.0666 9.8348 3.26599 19.5171 3.26599C21.9462 3.26599 24.2385 3.74497 26.3255 4.63452\" stroke=\"#4B08A1\" stroke-width=\"3\" stroke-miterlimit=\"10\" stroke-linecap=\"round\"><\/path><path d=\"M9.73145 15.9589L18.1137 29.2336L36.3834 2\" stroke=\"#4B08A1\" stroke-width=\"3\" stroke-miterlimit=\"10\" stroke-linecap=\"round\" stroke-linejoin=\"round\"><\/path><\/svg>\t\t\t\t\t\t\t\t\t\t\t\t\t\t\t\t\t<span >\n\t\t\t\t\t\t\t\t\t\tPublicaci\u00f3n gratuita de un n\u00famero ilimitado de pasaportes en la biblioteca Upcyclea\t\t\t\t\t\t\t\t\t<\/span>\n\t\t\t\t\t\t\t\t\t\t\t\t\t\t\t\t<\/div>\n\t\t\t\t\t\t<\/li>\n\t\t\t\t\t\t\t\t\t\t\t<li class=\"elementor-repeater-item-6a3df2d\">\n\t\t\t\t\t\t\t<div class=\"elementor-price-table__feature-inner\">\n\t\t\t\t\t\t\t\t<svg xmlns=\"http:\/\/www.w3.org\/2000\/svg\" width=\"39\" height=\"40\" viewBox=\"0 0 39 40\" fill=\"none\"><path d=\"M35.6657 14.0773C36.521 16.1301 37 18.3882 37 20.7831C37 30.4654 29.1652 38.3002 19.4829 38.3002C9.80059 38.3002 2 30.4312 2 20.7489C2 11.0666 9.8348 3.26599 19.5171 3.26599C21.9462 3.26599 24.2385 3.74497 26.3255 4.63452\" stroke=\"#4B08A1\" stroke-width=\"3\" stroke-miterlimit=\"10\" stroke-linecap=\"round\"><\/path><path d=\"M9.73145 15.9589L18.1137 29.2336L36.3834 2\" stroke=\"#4B08A1\" stroke-width=\"3\" stroke-miterlimit=\"10\" stroke-linecap=\"round\" stroke-linejoin=\"round\"><\/path><\/svg>\t\t\t\t\t\t\t\t\t\t\t\t\t\t\t\t\t<span >\n\t\t\t\t\t\t\t\t\t\tValoraciones ilimitadas y actualizaciones, hasta 10 pasaportes de productos\t\t\t\t\t\t\t\t\t<\/span>\n\t\t\t\t\t\t\t\t\t\t\t\t\t\t\t\t<\/div>\n\t\t\t\t\t\t<\/li>\n\t\t\t\t\t\t\t\t\t<\/ul>\n\t\t\t\n\t\t\t\t\t\t\t<div class=\"elementor-price-table__footer\">\n\t\t\t\t\t\t\t\t\t\t\t<a class=\"elementor-price-table__button elementor-button elementor-size-md\" href=\"\/es\/fabricante-oferta-plan-basico\/\">\n\t\t\t\t\t\t\tElija este plan\t\t\t\t\t\t<\/a>\n\t\t\t\t\t\n\t\t\t\t\t\t\t\t\t<\/div>\n\t\t\t\t\t<\/div>\n\n\t\t\t\t\t\t<\/div>\n\t\t\t\t<\/div>\n\t\t\t\t\t<\/div>\n\t\t<\/div>\n\t\t\t\t<div class=\"elementor-column elementor-col-25 elementor-top-column elementor-element elementor-element-f3e4b38\" data-id=\"f3e4b38\" data-element_type=\"column\" data-e-type=\"column\">\n\t\t\t<div class=\"elementor-widget-wrap elementor-element-populated\">\n\t\t\t\t\t\t<div class=\"elementor-element elementor-element-fa5b484 elementor-widget elementor-widget-price-table\" data-id=\"fa5b484\" data-element_type=\"widget\" data-e-type=\"widget\" data-widget_type=\"price-table.default\">\n\t\t\t\t<div class=\"elementor-widget-container\">\n\t\t\t\t\t\n\t\t<div class=\"elementor-price-table\">\n\t\t\t\t\t\t\t<div class=\"elementor-price-table__header\">\n\t\t\t\t\t\t\t\t\t\t\t<h2 class=\"elementor-price-table__heading\">\n\t\t\t\t\t\tEst\u00e1ndar\t\t\t\t\t\t<\/h2>\n\t\t\t\t\t\n\t\t\t\t\t\t\t\t\t<\/div>\n\t\t\t\n\t\t\t<div class=\"elementor-price-table__price\">\n\t\t\t\t\t\t\t\t<span class=\"elementor-price-table__currency\">&#128;<\/span>\t\t\t\t\t\t\t\t\t<span class=\"elementor-price-table__integer-part\">\n\t\t\t\t\t\t99\t\t\t\t\t<\/span>\n\t\t\t\t\n\t\t\t\t\n\t\t\t\t\n\t\t\t\t\t\t\t\t\t<span class=\"elementor-price-table__period elementor-typo-excluded\">(sin IVA) al mes<br><br><span style=\"font-size: 28px;font-weight: 700;color: #00b0f0\">EVOLUCIONA<\/span><\/span>\t\t\t\t\t\t\t<\/div>\n\n\t\t\t\t\t\t\t<ul class=\"elementor-price-table__features-list\">\n\t\t\t\t\t\t\t\t\t\t\t<li class=\"elementor-repeater-item-8639d53\">\n\t\t\t\t\t\t\t<div class=\"elementor-price-table__feature-inner\">\n\t\t\t\t\t\t\t\t<svg xmlns=\"http:\/\/www.w3.org\/2000\/svg\" width=\"39\" height=\"40\" viewBox=\"0 0 39 40\" fill=\"none\"><path d=\"M35.6657 14.0773C36.521 16.1301 37 18.3882 37 20.7831C37 30.4654 29.1652 38.3002 19.4829 38.3002C9.80059 38.3002 2 30.4312 2 20.7489C2 11.0666 9.8348 3.26599 19.5171 3.26599C21.9462 3.26599 24.2385 3.74497 26.3255 4.63452\" stroke=\"#4B08A1\" stroke-width=\"3\" stroke-miterlimit=\"10\" stroke-linecap=\"round\"><\/path><path d=\"M9.73145 15.9589L18.1137 29.2336L36.3834 2\" stroke=\"#4B08A1\" stroke-width=\"3\" stroke-miterlimit=\"10\" stroke-linecap=\"round\" stroke-linejoin=\"round\"><\/path><\/svg>\t\t\t\t\t\t\t\t\t\t\t\t\t\t\t\t\t<span >\n\t\t\t\t\t\t\t\t\t\tPublicaci\u00f3n gratuita de un n\u00famero ilimitado de pasaportes en la biblioteca Upcyclea\t\t\t\t\t\t\t\t\t<\/span>\n\t\t\t\t\t\t\t\t\t\t\t\t\t\t\t\t<\/div>\n\t\t\t\t\t\t<\/li>\n\t\t\t\t\t\t\t\t\t\t\t<li class=\"elementor-repeater-item-6a3df2d\">\n\t\t\t\t\t\t\t<div class=\"elementor-price-table__feature-inner\">\n\t\t\t\t\t\t\t\t<svg xmlns=\"http:\/\/www.w3.org\/2000\/svg\" width=\"39\" height=\"40\" viewBox=\"0 0 39 40\" fill=\"none\"><path d=\"M35.6657 14.0773C36.521 16.1301 37 18.3882 37 20.7831C37 30.4654 29.1652 38.3002 19.4829 38.3002C9.80059 38.3002 2 30.4312 2 20.7489C2 11.0666 9.8348 3.26599 19.5171 3.26599C21.9462 3.26599 24.2385 3.74497 26.3255 4.63452\" stroke=\"#4B08A1\" stroke-width=\"3\" stroke-miterlimit=\"10\" stroke-linecap=\"round\"><\/path><path d=\"M9.73145 15.9589L18.1137 29.2336L36.3834 2\" stroke=\"#4B08A1\" stroke-width=\"3\" stroke-miterlimit=\"10\" stroke-linecap=\"round\" stroke-linejoin=\"round\"><\/path><\/svg>\t\t\t\t\t\t\t\t\t\t\t\t\t\t\t\t\t<span >\n\t\t\t\t\t\t\t\t\t\tValoraciones ilimitadas y actualizaciones, hasta 100 pasaportes de productos\t\t\t\t\t\t\t\t\t<\/span>\n\t\t\t\t\t\t\t\t\t\t\t\t\t\t\t\t<\/div>\n\t\t\t\t\t\t<\/li>\n\t\t\t\t\t\t\t\t\t<\/ul>\n\t\t\t\n\t\t\t\t\t\t\t<div class=\"elementor-price-table__footer\">\n\t\t\t\t\t\t\t\t\t\t\t<a class=\"elementor-price-table__button elementor-button elementor-size-md\" href=\"\/es\/fabricant-offers-plan-standard\/\">\n\t\t\t\t\t\t\tElija este plan\t\t\t\t\t\t<\/a>\n\t\t\t\t\t\n\t\t\t\t\t\t\t\t\t<\/div>\n\t\t\t\t\t<\/div>\n\n\t\t\t\t\t\t<\/div>\n\t\t\t\t<\/div>\n\t\t\t\t\t<\/div>\n\t\t<\/div>\n\t\t\t\t<div class=\"elementor-column elementor-col-25 elementor-top-column elementor-element elementor-element-eaed13b\" data-id=\"eaed13b\" data-element_type=\"column\" data-e-type=\"column\">\n\t\t\t<div class=\"elementor-widget-wrap elementor-element-populated\">\n\t\t\t\t\t\t<div class=\"elementor-element elementor-element-c277642 elementor-widget elementor-widget-price-table\" data-id=\"c277642\" data-element_type=\"widget\" data-e-type=\"widget\" data-widget_type=\"price-table.default\">\n\t\t\t\t<div class=\"elementor-widget-container\">\n\t\t\t\t\t\n\t\t<div class=\"elementor-price-table\">\n\t\t\t\t\t\t\t<div class=\"elementor-price-table__header\">\n\t\t\t\t\t\t\t\t\t\t\t<h2 class=\"elementor-price-table__heading\">\n\t\t\t\t\t\tPremium\t\t\t\t\t\t<\/h2>\n\t\t\t\t\t\n\t\t\t\t\t\t\t\t\t<\/div>\n\t\t\t\n\t\t\t<div class=\"elementor-price-table__price\">\n\t\t\t\t\t\t\t\t<span class=\"elementor-price-table__currency\">&#128;<\/span>\t\t\t\t\t\t\t\t\t<span class=\"elementor-price-table__integer-part\">\n\t\t\t\t\t\t299\t\t\t\t\t<\/span>\n\t\t\t\t\n\t\t\t\t\n\t\t\t\t\n\t\t\t\t\t\t\t\t\t<span class=\"elementor-price-table__period elementor-typo-excluded\">(sin IVA) al mes<br><br><span style=\"font-size: 28px;font-weight: 700;color: #00b0f0\">INSPIRA<\/span><\/span>\t\t\t\t\t\t\t<\/div>\n\n\t\t\t\t\t\t\t<ul class=\"elementor-price-table__features-list\">\n\t\t\t\t\t\t\t\t\t\t\t<li class=\"elementor-repeater-item-8639d53\">\n\t\t\t\t\t\t\t<div class=\"elementor-price-table__feature-inner\">\n\t\t\t\t\t\t\t\t<svg xmlns=\"http:\/\/www.w3.org\/2000\/svg\" width=\"39\" height=\"40\" viewBox=\"0 0 39 40\" fill=\"none\"><path d=\"M35.6657 14.0773C36.521 16.1301 37 18.3882 37 20.7831C37 30.4654 29.1652 38.3002 19.4829 38.3002C9.80059 38.3002 2 30.4312 2 20.7489C2 11.0666 9.8348 3.26599 19.5171 3.26599C21.9462 3.26599 24.2385 3.74497 26.3255 4.63452\" stroke=\"#4B08A1\" stroke-width=\"3\" stroke-miterlimit=\"10\" stroke-linecap=\"round\"><\/path><path d=\"M9.73145 15.9589L18.1137 29.2336L36.3834 2\" stroke=\"#4B08A1\" stroke-width=\"3\" stroke-miterlimit=\"10\" stroke-linecap=\"round\" stroke-linejoin=\"round\"><\/path><\/svg>\t\t\t\t\t\t\t\t\t\t\t\t\t\t\t\t\t<span >\n\t\t\t\t\t\t\t\t\t\tPublicaci\u00f3n gratuita de un n\u00famero ilimitado de pasaportes en la biblioteca Upcyclea\t\t\t\t\t\t\t\t\t<\/span>\n\t\t\t\t\t\t\t\t\t\t\t\t\t\t\t\t<\/div>\n\t\t\t\t\t\t<\/li>\n\t\t\t\t\t\t\t\t\t\t\t<li class=\"elementor-repeater-item-6a3df2d\">\n\t\t\t\t\t\t\t<div class=\"elementor-price-table__feature-inner\">\n\t\t\t\t\t\t\t\t<svg xmlns=\"http:\/\/www.w3.org\/2000\/svg\" width=\"39\" height=\"40\" viewBox=\"0 0 39 40\" fill=\"none\"><path d=\"M35.6657 14.0773C36.521 16.1301 37 18.3882 37 20.7831C37 30.4654 29.1652 38.3002 19.4829 38.3002C9.80059 38.3002 2 30.4312 2 20.7489C2 11.0666 9.8348 3.26599 19.5171 3.26599C21.9462 3.26599 24.2385 3.74497 26.3255 4.63452\" stroke=\"#4B08A1\" stroke-width=\"3\" stroke-miterlimit=\"10\" stroke-linecap=\"round\"><\/path><path d=\"M9.73145 15.9589L18.1137 29.2336L36.3834 2\" stroke=\"#4B08A1\" stroke-width=\"3\" stroke-miterlimit=\"10\" stroke-linecap=\"round\" stroke-linejoin=\"round\"><\/path><\/svg>\t\t\t\t\t\t\t\t\t\t\t\t\t\t\t\t\t<span >\n\t\t\t\t\t\t\t\t\t\tCalificaciones ilimitadas y actualizaciones, para un n\u00famero ilimitado de pasaportes de productos\n\t\t\t\t\t\t\t\t\t<\/span>\n\t\t\t\t\t\t\t\t\t\t\t\t\t\t\t\t<\/div>\n\t\t\t\t\t\t<\/li>\n\t\t\t\t\t\t\t\t\t<\/ul>\n\t\t\t\n\t\t\t\t\t\t\t<div class=\"elementor-price-table__footer\">\n\t\t\t\t\t\t\t\t\t\t\t<a class=\"elementor-price-table__button elementor-button elementor-size-md\" href=\"\/es\/fabricante-oferta-plan-premium\/\">\n\t\t\t\t\t\t\tElija este plan\t\t\t\t\t\t<\/a>\n\t\t\t\t\t\n\t\t\t\t\t\t\t\t\t<\/div>\n\t\t\t\t\t<\/div>\n\n\t\t\t\t\t\t<\/div>\n\t\t\t\t<\/div>\n\t\t\t\t\t<\/div>\n\t\t<\/div>\n\t\t\t\t\t<\/div>\n\t\t<\/section>\n\t\t\t\t<section class=\"elementor-section elementor-top-section elementor-element elementor-element-1972f9b elementor-section-boxed elementor-section-height-default elementor-section-height-default\" data-id=\"1972f9b\" data-element_type=\"section\" data-e-type=\"section\">\n\t\t\t\t\t\t<div class=\"elementor-container elementor-column-gap-default\">\n\t\t\t\t\t<div class=\"elementor-column elementor-col-100 elementor-top-column elementor-element elementor-element-f77e0de\" data-id=\"f77e0de\" data-element_type=\"column\" data-e-type=\"column\">\n\t\t\t<div class=\"elementor-widget-wrap elementor-element-populated\">\n\t\t\t\t\t\t<div class=\"elementor-element elementor-element-b2bc213 elementor-widget elementor-widget-heading\" data-id=\"b2bc213\" data-element_type=\"widget\" data-e-type=\"widget\" data-widget_type=\"heading.default\">\n\t\t\t\t<div class=\"elementor-widget-container\">\n\t\t\t\t\t<h2 class=\"elementor-heading-title elementor-size-default\">\u00bfNo sabe qu\u00e9 hacer?<\/h2>\t\t\t\t<\/div>\n\t\t\t\t<\/div>\n\t\t\t\t<div class=\"elementor-element elementor-element-3b6a3b5 elementor-align-center elementor-widget elementor-widget-button\" data-id=\"3b6a3b5\" data-element_type=\"widget\" data-e-type=\"widget\" data-widget_type=\"button.default\">\n\t\t\t\t<div class=\"elementor-widget-container\">\n\t\t\t\t\t\t\t\t\t<div class=\"elementor-button-wrapper\">\n\t\t\t\t\t<a class=\"elementor-button elementor-button-link elementor-size-sm\" href=\"https:\/\/upcyclea.zohobookings.eu\/#\/customer\/alice-fabricant\" target=\"_blank\" rel=\"noopener\">\n\t\t\t\t\t\t<span class=\"elementor-button-content-wrapper\">\n\t\t\t\t\t\t\t\t\t<span class=\"elementor-button-text\">Preg\u00fantenos.<\/span>\n\t\t\t\t\t<\/span>\n\t\t\t\t\t<\/a>\n\t\t\t\t<\/div>\n\t\t\t\t\t\t\t\t<\/div>\n\t\t\t\t<\/div>\n\t\t\t\t\t<\/div>\n\t\t<\/div>\n\t\t\t\t\t<\/div>\n\t\t<\/section>\n\t\t\t\t<section class=\"elementor-section elementor-top-section elementor-element elementor-element-c20009d elementor-section-full_width elementor-section-height-default elementor-section-height-default\" data-id=\"c20009d\" data-element_type=\"section\" data-e-type=\"section\">\n\t\t\t\t\t\t<div class=\"elementor-container elementor-column-gap-default\">\n\t\t\t\t\t<div class=\"elementor-column elementor-col-100 elementor-top-column elementor-element elementor-element-2fe74ea\" data-id=\"2fe74ea\" data-element_type=\"column\" data-e-type=\"column\">\n\t\t\t<div class=\"elementor-widget-wrap elementor-element-populated\">\n\t\t\t\t\t\t<div class=\"elementor-element elementor-element-2835295 elementor-widget elementor-widget-image\" data-id=\"2835295\" data-element_type=\"widget\" data-e-type=\"widget\" data-widget_type=\"image.default\">\n\t\t\t\t<div class=\"elementor-widget-container\">\n\t\t\t\t\t\t\t\t\t\t\t\t\t\t\t<img fetchpriority=\"high\" decoding=\"async\" width=\"1436\" height=\"42\" src=\"https:\/\/upcyclea.com\/wp-content\/uploads\/2022\/08\/Ligne-orange-2.svg\" class=\"attachment-full size-full wp-image-13303\" alt=\"\" \/>\t\t\t\t\t\t\t\t\t\t\t\t\t\t\t<\/div>\n\t\t\t\t<\/div>\n\t\t\t\t\t<\/div>\n\t\t<\/div>\n\t\t\t\t\t<\/div>\n\t\t<\/section>\n\t\t\t\t<section class=\"elementor-section elementor-top-section elementor-element elementor-element-4b50419 elementor-section-boxed elementor-section-height-default elementor-section-height-default\" data-id=\"4b50419\" data-element_type=\"section\" data-e-type=\"section\">\n\t\t\t\t\t\t<div class=\"elementor-container elementor-column-gap-default\">\n\t\t\t\t\t<div class=\"elementor-column elementor-col-100 elementor-top-column elementor-element elementor-element-4e08de7 elementor-hidden-desktop elementor-hidden-tablet elementor-hidden-mobile\" data-id=\"4e08de7\" data-element_type=\"column\" data-e-type=\"column\">\n\t\t\t<div class=\"elementor-widget-wrap elementor-element-populated\">\n\t\t\t\t\t\t<div class=\"elementor-element elementor-element-639c78c elementor-widget elementor-widget-heading\" data-id=\"639c78c\" data-element_type=\"widget\" data-e-type=\"widget\" data-widget_type=\"heading.default\">\n\t\t\t\t<div class=\"elementor-widget-container\">\n\t\t\t\t\t<h2 class=\"elementor-heading-title elementor-size-default\">\u00bfYa tiene una suscripci\u00f3n?<\/h2>\t\t\t\t<\/div>\n\t\t\t\t<\/div>\n\t\t\t\t<div class=\"elementor-element elementor-element-aa71130 elementor-align-center elementor-widget elementor-widget-button\" data-id=\"aa71130\" data-element_type=\"widget\" data-e-type=\"widget\" data-widget_type=\"button.default\">\n\t\t\t\t<div class=\"elementor-widget-container\">\n\t\t\t\t\t\t\t\t\t<div class=\"elementor-button-wrapper\">\n\t\t\t\t\t<a class=\"elementor-button elementor-button-link elementor-size-sm\" href=\"https:\/\/upcyclea.com\/fabricant-offers-plan-change\/\">\n\t\t\t\t\t\t<span class=\"elementor-button-content-wrapper\">\n\t\t\t\t\t\t\t\t\t<span class=\"elementor-button-text\">Cambiar el plan de suscripci\u00f3n<\/span>\n\t\t\t\t\t<\/span>\n\t\t\t\t\t<\/a>\n\t\t\t\t<\/div>\n\t\t\t\t\t\t\t\t<\/div>\n\t\t\t\t<\/div>\n\t\t\t\t\t<\/div>\n\t\t<\/div>\n\t\t\t\t\t<\/div>\n\t\t<\/section>\n\t\t\t\t<\/div>\n\t\t","protected":false},"excerpt":{"rendered":"<p>Elija la opci\u00f3n de creaci\u00f3n de pasaporte que m\u00e1s le convenga Gratis &#8364; 0 incondicionalmente DESCUBRE Publicaci\u00f3n gratuita de un n\u00famero ilimitado de pasaportes en la biblioteca Upcyclea Elija este plan B\u00e1sico &#8364; 29 (sin IVA) al mes EXPERIENCIA Publicaci\u00f3n gratuita de un n\u00famero ilimitado de pasaportes en la biblioteca Upcyclea Valoraciones ilimitadas y actualizaciones, [&hellip;]<\/p>\n","protected":false},"author":1,"featured_media":0,"parent":0,"menu_order":0,"comment_status":"closed","ping_status":"closed","template":"","meta":{"footnotes":""},"class_list":["post-14376","page","type-page","status-publish","hentry"],"_links":{"self":[{"href":"https:\/\/upcyclea.com\/es\/wp-json\/wp\/v2\/pages\/14376","targetHints":{"allow":["GET"]}}],"collection":[{"href":"https:\/\/upcyclea.com\/es\/wp-json\/wp\/v2\/pages"}],"about":[{"href":"https:\/\/upcyclea.com\/es\/wp-json\/wp\/v2\/types\/page"}],"author":[{"embeddable":true,"href":"https:\/\/upcyclea.com\/es\/wp-json\/wp\/v2\/users\/1"}],"replies":[{"embeddable":true,"href":"https:\/\/upcyclea.com\/es\/wp-json\/wp\/v2\/comments?post=14376"}],"version-history":[{"count":5,"href":"https:\/\/upcyclea.com\/es\/wp-json\/wp\/v2\/pages\/14376\/revisions"}],"predecessor-version":[{"id":28769,"href":"https:\/\/upcyclea.com\/es\/wp-json\/wp\/v2\/pages\/14376\/revisions\/28769"}],"wp:attachment":[{"href":"https:\/\/upcyclea.com\/es\/wp-json\/wp\/v2\/media?parent=14376"}],"curies":[{"name":"wp","href":"https:\/\/api.w.org\/{rel}","templated":true}]}}