{"id":14386,"date":"2022-06-29T09:53:59","date_gmt":"2022-06-29T07:53:59","guid":{"rendered":"https:\/\/www.upcyclea.com\/indicadores-de-valoracion\/"},"modified":"2024-01-17T21:59:06","modified_gmt":"2024-01-17T20:59:06","slug":"indicadores-de-valoracion","status":"publish","type":"page","link":"https:\/\/upcyclea.com\/es\/indicadores-de-valoracion\/","title":{"rendered":"Indicadores de valoraci\u00f3n"},"content":{"rendered":"\t\t<div data-elementor-type=\"wp-page\" data-elementor-id=\"14386\" class=\"elementor elementor-14386 elementor-1166\" data-elementor-post-type=\"page\">\n\t\t\t\t\t\t<section class=\"elementor-section elementor-top-section elementor-element elementor-element-a253ccf elementor-section-boxed elementor-section-height-default elementor-section-height-default\" data-id=\"a253ccf\" data-element_type=\"section\" data-e-type=\"section\" data-settings=\"{&quot;background_background&quot;:&quot;classic&quot;,&quot;shape_divider_bottom&quot;:&quot;triangle-asymmetrical&quot;,&quot;shape_divider_bottom_negative&quot;:&quot;yes&quot;}\">\n\t\t\t\t\t\t\t<div class=\"elementor-background-overlay\"><\/div>\n\t\t\t\t\t\t<div class=\"elementor-shape elementor-shape-bottom\" aria-hidden=\"true\" data-negative=\"true\">\n\t\t\t<svg xmlns=\"http:\/\/www.w3.org\/2000\/svg\" viewBox=\"0 0 1000 100\" preserveAspectRatio=\"none\">\n\t<path class=\"elementor-shape-fill\" d=\"M737.9,94.7L0,0v100h1000V0L737.9,94.7z\"\/>\n<\/svg>\t\t<\/div>\n\t\t\t\t\t<div class=\"elementor-container elementor-column-gap-default\">\n\t\t\t\t\t<div class=\"elementor-column elementor-col-100 elementor-top-column elementor-element elementor-element-4ce6b60\" data-id=\"4ce6b60\" data-element_type=\"column\" data-e-type=\"column\">\n\t\t\t<div class=\"elementor-widget-wrap elementor-element-populated\">\n\t\t\t\t\t\t<div class=\"elementor-element elementor-element-f91edc2 elementor-widget elementor-widget-heading\" data-id=\"f91edc2\" data-element_type=\"widget\" data-e-type=\"widget\" data-widget_type=\"heading.default\">\n\t\t\t\t<div class=\"elementor-widget-container\">\n\t\t\t\t\t<h1 class=\"elementor-heading-title elementor-size-default\">Indicadores de valoraci\u00f3n<\/h1>\t\t\t\t<\/div>\n\t\t\t\t<\/div>\n\t\t\t\t\t<\/div>\n\t\t<\/div>\n\t\t\t\t\t<\/div>\n\t\t<\/section>\n\t\t\t\t<section class=\"elementor-section elementor-top-section elementor-element elementor-element-9b6e9cc elementor-section-boxed elementor-section-height-default elementor-section-height-default\" data-id=\"9b6e9cc\" data-element_type=\"section\" data-e-type=\"section\" data-settings=\"{&quot;background_background&quot;:&quot;classic&quot;}\">\n\t\t\t\t\t\t<div class=\"elementor-container elementor-column-gap-default\">\n\t\t\t\t\t<div class=\"elementor-column elementor-col-50 elementor-top-column elementor-element elementor-element-2252065\" data-id=\"2252065\" data-element_type=\"column\" data-e-type=\"column\">\n\t\t\t<div class=\"elementor-widget-wrap elementor-element-populated\">\n\t\t\t\t\t\t<div class=\"elementor-element elementor-element-fc27158 elementor-widget elementor-widget-image\" data-id=\"fc27158\" data-element_type=\"widget\" data-e-type=\"widget\" data-widget_type=\"image.default\">\n\t\t\t\t<div class=\"elementor-widget-container\">\n\t\t\t\t\t\t\t\t\t\t\t\t\t\t\t<img fetchpriority=\"high\" decoding=\"async\" width=\"563\" height=\"450\" src=\"https:\/\/upcyclea.com\/wp-content\/uploads\/2022\/06\/Indicateurs-Ecosyste\u00a6Cme-FR2-1.svg\" class=\"attachment-full size-full wp-image-12817\" alt=\"\" \/>\t\t\t\t\t\t\t\t\t\t\t\t\t\t\t<\/div>\n\t\t\t\t<\/div>\n\t\t\t\t\t<\/div>\n\t\t<\/div>\n\t\t\t\t<div class=\"elementor-column elementor-col-50 elementor-top-column elementor-element elementor-element-619db37\" data-id=\"619db37\" data-element_type=\"column\" data-e-type=\"column\">\n\t\t\t<div class=\"elementor-widget-wrap elementor-element-populated\">\n\t\t\t\t\t\t<div class=\"elementor-element elementor-element-d930848 elementor-widget elementor-widget-heading\" data-id=\"d930848\" data-element_type=\"widget\" data-e-type=\"widget\" data-widget_type=\"heading.default\">\n\t\t\t\t<div class=\"elementor-widget-container\">\n\t\t\t\t\t<h2 class=\"elementor-heading-title elementor-size-default\">Medir el valor a\u00f1adido<br> de sus recursos al final del uso<\/h2>\t\t\t\t<\/div>\n\t\t\t\t<\/div>\n\t\t\t\t<div class=\"elementor-element elementor-element-7512fd9 elementor-widget elementor-widget-text-editor\" data-id=\"7512fd9\" data-element_type=\"widget\" data-e-type=\"widget\" data-widget_type=\"text-editor.default\">\n\t\t\t\t<div class=\"elementor-widget-container\">\n\t\t\t\t\t\t\t\t\t<p>myUpcyclea\u00ae le permite calcular autom\u00e1ticamente el balance medioambiental y econ\u00f3mico de sus ecosistemas de reutilizaci\u00f3n o upcycling<\/p>\n<p>A partir de los ecosistemas gestionados por su Gestor de Recursos, puede obtener la cantidad de residuos y CO2 evitados, el balance h\u00eddrico, as\u00ed como el ahorro o los ingresos generados<\/p>\n\t\t\t\t\t\t\t\t<\/div>\n\t\t\t\t<\/div>\n\t\t\t\t\t<\/div>\n\t\t<\/div>\n\t\t\t\t\t<\/div>\n\t\t<\/section>\n\t\t\t\t<section class=\"elementor-section elementor-top-section elementor-element elementor-element-15bb16c elementor-section-full_width elementor-section-height-default elementor-section-height-default\" data-id=\"15bb16c\" data-element_type=\"section\" data-e-type=\"section\">\n\t\t\t\t\t\t<div class=\"elementor-container elementor-column-gap-default\">\n\t\t\t\t\t<div class=\"elementor-column elementor-col-100 elementor-top-column elementor-element elementor-element-1a94160\" data-id=\"1a94160\" data-element_type=\"column\" data-e-type=\"column\">\n\t\t\t<div class=\"elementor-widget-wrap elementor-element-populated\">\n\t\t\t\t\t\t<div class=\"elementor-element elementor-element-3e0abb7 elementor-widget elementor-widget-image\" data-id=\"3e0abb7\" data-element_type=\"widget\" data-e-type=\"widget\" data-widget_type=\"image.default\">\n\t\t\t\t<div class=\"elementor-widget-container\">\n\t\t\t\t\t\t\t\t\t\t\t\t\t\t\t<img decoding=\"async\" width=\"1392\" height=\"41\" src=\"https:\/\/upcyclea.com\/wp-content\/uploads\/2022\/06\/Group-229.png\" class=\"attachment-full size-full wp-image-12737\" alt=\"\" srcset=\"https:\/\/upcyclea.com\/wp-content\/uploads\/2022\/06\/Group-229.png 1392w, https:\/\/upcyclea.com\/wp-content\/uploads\/2022\/06\/Group-229-300x9.png 300w, https:\/\/upcyclea.com\/wp-content\/uploads\/2022\/06\/Group-229-1024x30.png 1024w, https:\/\/upcyclea.com\/wp-content\/uploads\/2022\/06\/Group-229-768x23.png 768w\" sizes=\"(max-width: 1392px) 100vw, 1392px\" \/>\t\t\t\t\t\t\t\t\t\t\t\t\t\t\t<\/div>\n\t\t\t\t<\/div>\n\t\t\t\t\t<\/div>\n\t\t<\/div>\n\t\t\t\t\t<\/div>\n\t\t<\/section>\n\t\t\t\t<section class=\"elementor-section elementor-top-section elementor-element elementor-element-f6290e1 elementor-section-boxed elementor-section-height-default elementor-section-height-default\" data-id=\"f6290e1\" data-element_type=\"section\" data-e-type=\"section\" data-settings=\"{&quot;background_background&quot;:&quot;classic&quot;}\">\n\t\t\t\t\t\t<div class=\"elementor-container elementor-column-gap-default\">\n\t\t\t\t\t<div class=\"elementor-column elementor-col-100 elementor-top-column elementor-element elementor-element-c3b6f5d\" data-id=\"c3b6f5d\" data-element_type=\"column\" data-e-type=\"column\">\n\t\t\t<div class=\"elementor-widget-wrap elementor-element-populated\">\n\t\t\t\t\t\t<div class=\"elementor-element elementor-element-c636a09 elementor-widget elementor-widget-heading\" data-id=\"c636a09\" data-element_type=\"widget\" data-e-type=\"widget\" data-widget_type=\"heading.default\">\n\t\t\t\t<div class=\"elementor-widget-container\">\n\t\t\t\t\t<h2 class=\"elementor-heading-title elementor-size-default\">4 indicadores para medir sus impactos positivos<\/h2>\t\t\t\t<\/div>\n\t\t\t\t<\/div>\n\t\t\t\t<div class=\"elementor-element elementor-element-6fe8927 elementor-widget elementor-widget-image\" data-id=\"6fe8927\" data-element_type=\"widget\" data-e-type=\"widget\" data-widget_type=\"image.default\">\n\t\t\t\t<div class=\"elementor-widget-container\">\n\t\t\t\t\t\t\t\t\t\t\t\t\t\t\t<img decoding=\"async\" width=\"1137\" height=\"262\" src=\"https:\/\/upcyclea.com\/wp-content\/uploads\/2022\/06\/INDICATEURS-V2-FR-5.svg\" class=\"attachment-full size-full wp-image-12815\" alt=\"\" \/>\t\t\t\t\t\t\t\t\t\t\t\t\t\t\t<\/div>\n\t\t\t\t<\/div>\n\t\t\t\t<section class=\"elementor-section elementor-inner-section elementor-element elementor-element-16bd12d elementor-section-boxed elementor-section-height-default elementor-section-height-default\" data-id=\"16bd12d\" data-element_type=\"section\" data-e-type=\"section\">\n\t\t\t\t\t\t<div class=\"elementor-container elementor-column-gap-default\">\n\t\t\t\t\t<div class=\"elementor-column elementor-col-100 elementor-inner-column elementor-element elementor-element-e2c4733\" data-id=\"e2c4733\" data-element_type=\"column\" data-e-type=\"column\">\n\t\t\t<div class=\"elementor-widget-wrap elementor-element-populated\">\n\t\t\t\t\t\t<div class=\"elementor-element elementor-element-941f63a elementor-widget elementor-widget-text-editor\" data-id=\"941f63a\" data-element_type=\"widget\" data-e-type=\"widget\" data-widget_type=\"text-editor.default\">\n\t\t\t\t<div class=\"elementor-widget-container\">\n\t\t\t\t\t\t\t\t\t<p><strong>El balance de residuos<\/strong> (en kg): corresponde a la masa de residuos evitada gracias al ecosistema<\/p>\n<p><strong>El balance de CO2<\/strong> (en kg eq CO2): es el balance de las emisiones de gases de efecto invernadero (GEI) del ecosistema. Una emisi\u00f3n de CO2 se contabiliza positivamente, mientras que el CO2 evitado se contabilizar\u00e1 negativamente<\/p>\n<p><span style=\"font-weight: bolder;\">Balance de agua<\/span> (en L): es el consumo de agua que se evita gracias al ecosistema<\/p>\n<p><strong>El balance econ\u00f3mico<\/strong> (en euros): es la suma de los costes e ingresos del ecosistema. As\u00ed, el balance econ\u00f3mico ser\u00e1 positivo si el ecosistema ha generado, en conjunto, ingresos para el propietario del dep\u00f3sito, y negativo si no lo ha hecho<\/p>\n\t\t\t\t\t\t\t\t<\/div>\n\t\t\t\t<\/div>\n\t\t\t\t\t<\/div>\n\t\t<\/div>\n\t\t\t\t\t<\/div>\n\t\t<\/section>\n\t\t\t\t\t<\/div>\n\t\t<\/div>\n\t\t\t\t\t<\/div>\n\t\t<\/section>\n\t\t\t\t<section class=\"elementor-section elementor-top-section elementor-element elementor-element-58671b2 elementor-section-boxed elementor-section-height-default elementor-section-height-default\" data-id=\"58671b2\" data-element_type=\"section\" data-e-type=\"section\">\n\t\t\t\t\t\t<div class=\"elementor-container elementor-column-gap-default\">\n\t\t\t\t\t<div class=\"elementor-column elementor-col-100 elementor-top-column elementor-element elementor-element-96b2b6a\" data-id=\"96b2b6a\" data-element_type=\"column\" data-e-type=\"column\">\n\t\t\t<div class=\"elementor-widget-wrap elementor-element-populated\">\n\t\t\t\t\t\t<div class=\"elementor-element elementor-element-60184b5 elementor-align-left elementor-widget__width-auto elementor-fixed sticky-button elementor-hidden-mobile elementor-widget elementor-widget-button\" data-id=\"60184b5\" data-element_type=\"widget\" data-e-type=\"widget\" data-settings=\"{&quot;_position&quot;:&quot;fixed&quot;}\" data-widget_type=\"button.default\">\n\t\t\t\t<div class=\"elementor-widget-container\">\n\t\t\t\t\t\t\t\t\t<div class=\"elementor-button-wrapper\">\n\t\t\t\t\t<a class=\"elementor-button elementor-button-link elementor-size-sm\" href=\"https:\/\/upcyclea.zohobookings.eu\/#\/customer\/decouverte-xtine\" target=\"_blank\" rel=\"noopener\">\n\t\t\t\t\t\t<span class=\"elementor-button-content-wrapper\">\n\t\t\t\t\t\t\t\t\t<span class=\"elementor-button-text\">Nosotros <br> contactar con<\/span>\n\t\t\t\t\t<\/span>\n\t\t\t\t\t<\/a>\n\t\t\t\t<\/div>\n\t\t\t\t\t\t\t\t<\/div>\n\t\t\t\t<\/div>\n\t\t\t\t\t<\/div>\n\t\t<\/div>\n\t\t\t\t\t<\/div>\n\t\t<\/section>\n\t\t\t\t<\/div>\n\t\t","protected":false},"excerpt":{"rendered":"<p>Indicadores de valoraci\u00f3n Medir el valor a\u00f1adido de sus recursos al final del uso myUpcyclea\u00ae le permite calcular autom\u00e1ticamente el balance medioambiental y econ\u00f3mico de sus ecosistemas de reutilizaci\u00f3n o upcycling A partir de los ecosistemas gestionados por su Gestor de Recursos, puede obtener la cantidad de residuos y CO2 evitados, el balance h\u00eddrico, as\u00ed [&hellip;]<\/p>\n","protected":false},"author":1,"featured_media":0,"parent":0,"menu_order":0,"comment_status":"closed","ping_status":"closed","template":"","meta":{"footnotes":""},"class_list":["post-14386","page","type-page","status-publish","hentry"],"_links":{"self":[{"href":"https:\/\/upcyclea.com\/es\/wp-json\/wp\/v2\/pages\/14386","targetHints":{"allow":["GET"]}}],"collection":[{"href":"https:\/\/upcyclea.com\/es\/wp-json\/wp\/v2\/pages"}],"about":[{"href":"https:\/\/upcyclea.com\/es\/wp-json\/wp\/v2\/types\/page"}],"author":[{"embeddable":true,"href":"https:\/\/upcyclea.com\/es\/wp-json\/wp\/v2\/users\/1"}],"replies":[{"embeddable":true,"href":"https:\/\/upcyclea.com\/es\/wp-json\/wp\/v2\/comments?post=14386"}],"version-history":[{"count":2,"href":"https:\/\/upcyclea.com\/es\/wp-json\/wp\/v2\/pages\/14386\/revisions"}],"predecessor-version":[{"id":20704,"href":"https:\/\/upcyclea.com\/es\/wp-json\/wp\/v2\/pages\/14386\/revisions\/20704"}],"wp:attachment":[{"href":"https:\/\/upcyclea.com\/es\/wp-json\/wp\/v2\/media?parent=14386"}],"curies":[{"name":"wp","href":"https:\/\/api.w.org\/{rel}","templated":true}]}}