{"id":14392,"date":"2022-06-29T17:46:01","date_gmt":"2022-06-29T15:46:01","guid":{"rendered":"https:\/\/www.upcyclea.com\/circular-pasaporte-libreria\/"},"modified":"2023-03-01T10:31:22","modified_gmt":"2023-03-01T09:31:22","slug":"circular-pasaporte-libreria","status":"publish","type":"page","link":"https:\/\/upcyclea.com\/es\/circular-pasaporte-libreria\/","title":{"rendered":"Librer\u00eda de pasaportes circulares"},"content":{"rendered":"\t\t<div data-elementor-type=\"wp-page\" data-elementor-id=\"14392\" class=\"elementor elementor-14392 elementor-1284\" data-elementor-post-type=\"page\">\n\t\t\t\t\t\t<section class=\"elementor-section elementor-top-section elementor-element elementor-element-a207bb9 elementor-section-boxed elementor-section-height-default elementor-section-height-default\" data-id=\"a207bb9\" data-element_type=\"section\" data-e-type=\"section\" data-settings=\"{&quot;background_background&quot;:&quot;classic&quot;,&quot;shape_divider_bottom&quot;:&quot;triangle-asymmetrical&quot;,&quot;shape_divider_bottom_negative&quot;:&quot;yes&quot;}\">\n\t\t\t\t\t\t\t<div class=\"elementor-background-overlay\"><\/div>\n\t\t\t\t\t\t<div class=\"elementor-shape elementor-shape-bottom\" aria-hidden=\"true\" data-negative=\"true\">\n\t\t\t<svg xmlns=\"http:\/\/www.w3.org\/2000\/svg\" viewBox=\"0 0 1000 100\" preserveAspectRatio=\"none\">\n\t<path class=\"elementor-shape-fill\" d=\"M737.9,94.7L0,0v100h1000V0L737.9,94.7z\"\/>\n<\/svg>\t\t<\/div>\n\t\t\t\t\t<div class=\"elementor-container elementor-column-gap-default\">\n\t\t\t\t\t<div class=\"elementor-column elementor-col-100 elementor-top-column elementor-element elementor-element-7de9c6e\" data-id=\"7de9c6e\" data-element_type=\"column\" data-e-type=\"column\">\n\t\t\t<div class=\"elementor-widget-wrap elementor-element-populated\">\n\t\t\t\t\t\t<div class=\"elementor-element elementor-element-755f8b5 elementor-widget elementor-widget-heading\" data-id=\"755f8b5\" data-element_type=\"widget\" data-e-type=\"widget\" data-widget_type=\"heading.default\">\n\t\t\t\t<div class=\"elementor-widget-container\">\n\t\t\t\t\t<h2 class=\"elementor-heading-title elementor-size-default\">La librer\u00eda del pasaporte circular<\/h2>\t\t\t\t<\/div>\n\t\t\t\t<\/div>\n\t\t\t\t\t<\/div>\n\t\t<\/div>\n\t\t\t\t\t<\/div>\n\t\t<\/section>\n\t\t\t\t<section class=\"elementor-section elementor-top-section elementor-element elementor-element-e4e69f6 elementor-section-boxed elementor-section-height-default elementor-section-height-default\" data-id=\"e4e69f6\" data-element_type=\"section\" data-e-type=\"section\">\n\t\t\t\t\t\t<div class=\"elementor-container elementor-column-gap-default\">\n\t\t\t\t\t<div class=\"elementor-column elementor-col-100 elementor-top-column elementor-element elementor-element-c35e414\" data-id=\"c35e414\" data-element_type=\"column\" data-e-type=\"column\">\n\t\t\t<div class=\"elementor-widget-wrap elementor-element-populated\">\n\t\t\t\t\t\t<div class=\"elementor-element elementor-element-00f9485 elementor-widget elementor-widget-heading\" data-id=\"00f9485\" data-element_type=\"widget\" data-e-type=\"widget\" data-widget_type=\"heading.default\">\n\t\t\t\t<div class=\"elementor-widget-container\">\n\t\t\t\t\t<h2 class=\"elementor-heading-title elementor-size-default\">Casi 10.000 pasaportes que describen el comportamiento medioambiental de los productos sanos y circulares<br><\/h2>\t\t\t\t<\/div>\n\t\t\t\t<\/div>\n\t\t\t\t<div class=\"elementor-element elementor-element-690a2d2 elementor-widget elementor-widget-spacer\" data-id=\"690a2d2\" data-element_type=\"widget\" data-e-type=\"widget\" data-widget_type=\"spacer.default\">\n\t\t\t\t<div class=\"elementor-widget-container\">\n\t\t\t\t\t\t\t<div class=\"elementor-spacer\">\n\t\t\t<div class=\"elementor-spacer-inner\"><\/div>\n\t\t<\/div>\n\t\t\t\t\t\t<\/div>\n\t\t\t\t<\/div>\n\t\t\t\t\t<\/div>\n\t\t<\/div>\n\t\t\t\t\t<\/div>\n\t\t<\/section>\n\t\t\t\t<section class=\"elementor-section elementor-top-section elementor-element elementor-element-1225d2b elementor-section-boxed elementor-section-height-default elementor-section-height-default\" data-id=\"1225d2b\" data-element_type=\"section\" data-e-type=\"section\" data-settings=\"{&quot;background_background&quot;:&quot;classic&quot;}\">\n\t\t\t\t\t\t<div class=\"elementor-container elementor-column-gap-default\">\n\t\t\t\t\t<div class=\"elementor-column elementor-col-50 elementor-top-column elementor-element elementor-element-65e17af\" data-id=\"65e17af\" data-element_type=\"column\" data-e-type=\"column\">\n\t\t\t<div class=\"elementor-widget-wrap elementor-element-populated\">\n\t\t\t\t\t\t<div class=\"elementor-element elementor-element-387dd84 elementor-widget elementor-widget-image\" data-id=\"387dd84\" data-element_type=\"widget\" data-e-type=\"widget\" data-widget_type=\"image.default\">\n\t\t\t\t<div class=\"elementor-widget-container\">\n\t\t\t\t\t\t\t\t\t\t\t\t\t\t\t<img fetchpriority=\"high\" decoding=\"async\" width=\"762\" height=\"638\" src=\"https:\/\/upcyclea.com\/wp-content\/uploads\/2022\/07\/Notation-upcyclea-cloud.png\" class=\"attachment-large size-large wp-image-13157\" alt=\"\" srcset=\"https:\/\/upcyclea.com\/wp-content\/uploads\/2022\/07\/Notation-upcyclea-cloud.png 762w, https:\/\/upcyclea.com\/wp-content\/uploads\/2022\/07\/Notation-upcyclea-cloud-300x251.png 300w\" sizes=\"(max-width: 762px) 100vw, 762px\" \/>\t\t\t\t\t\t\t\t\t\t\t\t\t\t\t<\/div>\n\t\t\t\t<\/div>\n\t\t\t\t\t<\/div>\n\t\t<\/div>\n\t\t\t\t<div class=\"elementor-column elementor-col-50 elementor-top-column elementor-element elementor-element-5d428cb\" data-id=\"5d428cb\" data-element_type=\"column\" data-e-type=\"column\">\n\t\t\t<div class=\"elementor-widget-wrap elementor-element-populated\">\n\t\t\t\t\t\t<div class=\"elementor-element elementor-element-fbb789d elementor-widget elementor-widget-heading\" data-id=\"fbb789d\" data-element_type=\"widget\" data-e-type=\"widget\" data-widget_type=\"heading.default\">\n\t\t\t\t<div class=\"elementor-widget-container\">\n\t\t\t\t\t<h2 class=\"elementor-heading-title elementor-size-default\">Es imposible medir el impacto ecol\u00f3gico de un edificio sin saber exactamente cu\u00e1les son sus componentes.<\/h2>\t\t\t\t<\/div>\n\t\t\t\t<\/div>\n\t\t\t\t<div class=\"elementor-element elementor-element-d0df454 elementor-widget elementor-widget-text-editor\" data-id=\"d0df454\" data-element_type=\"widget\" data-e-type=\"widget\" data-widget_type=\"text-editor.default\">\n\t\t\t\t<div class=\"elementor-widget-container\">\n\t\t\t\t\t\t\t\t\t<p>La librer\u00eda Upcyclea pretende facilitar el ecodise\u00f1o de edificios circulares proporcionando acceso gratuito a miles de Pasaportes Circulares\u00ae.<\/p><p>Estos pasaportes son declarados y gestionados por sus fabricantes, y describen la composici\u00f3n, la no toxicidad, el contenido reciclado\/de base biol\u00f3gica, las pr\u00f3ximas vidas, los ACV, las etiquetas, etc. de sus productos<\/p><p>Gracias a su avanzado motor de b\u00fasqueda, elegir el mejor producto es f\u00e1cil.<\/p><h6><strong>La biblioteca Upcyclea est\u00e1 referenciada por la Uni\u00f3n Social para el H\u00e1bitat, es compatible con Cradle to Cradle\u00ae y contiene todos los EHSF y PEP de la base de datos Ini\u00e8s<\/strong><\/h6>\t\t\t\t\t\t\t\t<\/div>\n\t\t\t\t<\/div>\n\t\t\t\t\t<\/div>\n\t\t<\/div>\n\t\t\t\t\t<\/div>\n\t\t<\/section>\n\t\t\t\t<section class=\"elementor-section elementor-top-section elementor-element elementor-element-ead45df elementor-reverse-mobile elementor-section-boxed elementor-section-height-default elementor-section-height-default\" data-id=\"ead45df\" data-element_type=\"section\" data-e-type=\"section\">\n\t\t\t\t\t\t<div class=\"elementor-container elementor-column-gap-default\">\n\t\t\t\t\t<div class=\"elementor-column elementor-col-50 elementor-top-column elementor-element elementor-element-667d659\" data-id=\"667d659\" data-element_type=\"column\" data-e-type=\"column\">\n\t\t\t<div class=\"elementor-widget-wrap elementor-element-populated\">\n\t\t\t\t\t\t<div class=\"elementor-element elementor-element-3cb18f6 elementor-widget elementor-widget-heading\" data-id=\"3cb18f6\" data-element_type=\"widget\" data-e-type=\"widget\" data-widget_type=\"heading.default\">\n\t\t\t\t<div class=\"elementor-widget-container\">\n\t\t\t\t\t<h2 class=\"elementor-heading-title elementor-size-default\">Datos calificados y valorados por nuestros expertos<\/h2>\t\t\t\t<\/div>\n\t\t\t\t<\/div>\n\t\t\t\t<div class=\"elementor-element elementor-element-77895da elementor-widget elementor-widget-text-editor\" data-id=\"77895da\" data-element_type=\"widget\" data-e-type=\"widget\" data-widget_type=\"text-editor.default\">\n\t\t\t\t<div class=\"elementor-widget-container\">\n\t\t\t\t\t\t\t\t\t<h5>\u00bfC\u00f3mo se califican los productos?<\/h5>\t\t\t\t\t\t\t\t<\/div>\n\t\t\t\t<\/div>\n\t\t\t\t<div class=\"elementor-element elementor-element-0c6cd73 elementor-widget elementor-widget-text-editor\" data-id=\"0c6cd73\" data-element_type=\"widget\" data-e-type=\"widget\" data-widget_type=\"text-editor.default\">\n\t\t\t\t<div class=\"elementor-widget-container\">\n\t\t\t\t\t\t\t\t\t<p>Los pasaportes se publican gratuitamente, pero la coherencia de los datos es comprobada por los expertos de Upcyclea antes de su publicaci\u00f3n<\/p><p>Si lo desean, los fabricantes pueden solicitar una calificaci\u00f3n de sus pasaportes, bas\u00e1ndose en las pruebas que depositen en una zona privada<\/p><p>Si la prueba procede de un tercero y cumple los requisitos, el pasaporte recibir\u00e1 uno o varios pictogramas de colores, seg\u00fan los criterios de que se trate. Si la prueba es v\u00e1lida pero autodeclarada, el pictograma aparece en gris<\/p><p>Si el producto tiene la certificaci\u00f3n Cradle to Cradle\u00ae, se muestra el nivel de certificaci\u00f3n (b\u00e1sico, bronce, plata, oro o platino)<\/p>\t\t\t\t\t\t\t\t<\/div>\n\t\t\t\t<\/div>\n\t\t\t\t<div class=\"elementor-element elementor-element-bb6179f elementor-align-left elementor-widget__width-auto elementor-fixed sticky-button elementor-hidden-mobile elementor-widget elementor-widget-button\" data-id=\"bb6179f\" data-element_type=\"widget\" data-e-type=\"widget\" data-settings=\"{&quot;_position&quot;:&quot;fixed&quot;}\" data-widget_type=\"button.default\">\n\t\t\t\t<div class=\"elementor-widget-container\">\n\t\t\t\t\t\t\t\t\t<div class=\"elementor-button-wrapper\">\n\t\t\t\t\t<a class=\"elementor-button elementor-button-link elementor-size-sm\" href=\"https:\/\/upcyclea.zohobookings.eu\/#\/customer\/christine-descubrimiento\" target=\"_blank\" rel=\"noopener\">\n\t\t\t\t\t\t<span class=\"elementor-button-content-wrapper\">\n\t\t\t\t\t\t\t\t\t<span class=\"elementor-button-text\">Contactar con <br> un asesor<\/span>\n\t\t\t\t\t<\/span>\n\t\t\t\t\t<\/a>\n\t\t\t\t<\/div>\n\t\t\t\t\t\t\t\t<\/div>\n\t\t\t\t<\/div>\n\t\t\t\t\t<\/div>\n\t\t<\/div>\n\t\t\t\t<div class=\"elementor-column elementor-col-50 elementor-top-column elementor-element elementor-element-1a12462\" data-id=\"1a12462\" data-element_type=\"column\" data-e-type=\"column\">\n\t\t\t<div class=\"elementor-widget-wrap elementor-element-populated\">\n\t\t\t\t\t\t<div class=\"elementor-element elementor-element-59fcd98 elementor-widget elementor-widget-image\" data-id=\"59fcd98\" data-element_type=\"widget\" data-e-type=\"widget\" data-widget_type=\"image.default\">\n\t\t\t\t<div class=\"elementor-widget-container\">\n\t\t\t\t\t\t\t\t\t\t\t\t\t\t\t<img decoding=\"async\" width=\"714\" height=\"617\" src=\"https:\/\/upcyclea.com\/wp-content\/uploads\/2022\/06\/Crite\u00a6Cres2NEW-1.svg\" class=\"attachment-large size-large wp-image-12837\" alt=\"\" \/>\t\t\t\t\t\t\t\t\t\t\t\t\t\t\t<\/div>\n\t\t\t\t<\/div>\n\t\t\t\t\t<\/div>\n\t\t<\/div>\n\t\t\t\t\t<\/div>\n\t\t<\/section>\n\t\t\t\t<section class=\"elementor-section elementor-top-section elementor-element elementor-element-b37605a elementor-section-boxed elementor-section-height-default elementor-section-height-default\" data-id=\"b37605a\" data-element_type=\"section\" data-e-type=\"section\">\n\t\t\t\t\t\t<div class=\"elementor-container elementor-column-gap-default\">\n\t\t\t\t\t<div class=\"elementor-column elementor-col-50 elementor-top-column elementor-element elementor-element-bd241b8\" data-id=\"bd241b8\" data-element_type=\"column\" data-e-type=\"column\">\n\t\t\t<div class=\"elementor-widget-wrap elementor-element-populated\">\n\t\t\t\t\t\t<div class=\"elementor-element elementor-element-e1b1a86 elementor-widget elementor-widget-image\" data-id=\"e1b1a86\" data-element_type=\"widget\" data-e-type=\"widget\" data-widget_type=\"image.default\">\n\t\t\t\t<div class=\"elementor-widget-container\">\n\t\t\t\t\t\t\t\t\t\t\t\t\t\t\t<img decoding=\"async\" width=\"508\" height=\"334\" src=\"https:\/\/upcyclea.com\/wp-content\/uploads\/2022\/06\/PC-1.svg\" class=\"attachment-large size-large wp-image-12841\" alt=\"\" \/>\t\t\t\t\t\t\t\t\t\t\t\t\t\t\t<\/div>\n\t\t\t\t<\/div>\n\t\t\t\t\t<\/div>\n\t\t<\/div>\n\t\t\t\t<div class=\"elementor-column elementor-col-50 elementor-top-column elementor-element elementor-element-4f4b35b\" data-id=\"4f4b35b\" data-element_type=\"column\" data-e-type=\"column\">\n\t\t\t<div class=\"elementor-widget-wrap elementor-element-populated\">\n\t\t\t\t\t\t<div class=\"elementor-element elementor-element-a1c3ac7 elementor-widget elementor-widget-heading\" data-id=\"a1c3ac7\" data-element_type=\"widget\" data-e-type=\"widget\" data-widget_type=\"heading.default\">\n\t\t\t\t<div class=\"elementor-widget-container\">\n\t\t\t\t\t<h2 class=\"elementor-heading-title elementor-size-default\">Participar en el despliegue de edificios circulares, \"bancos de materiales<\/h2>\t\t\t\t<\/div>\n\t\t\t\t<\/div>\n\t\t\t\t<div class=\"elementor-element elementor-element-715882b elementor-widget elementor-widget-text-editor\" data-id=\"715882b\" data-element_type=\"widget\" data-e-type=\"widget\" data-widget_type=\"text-editor.default\">\n\t\t\t\t<div class=\"elementor-widget-container\">\n\t\t\t\t\t\t\t\t\t<p>La informaci\u00f3n contenida en el Pasaporte Circular\u00ae es utilizada por el sistema myUpcyclea\u00ae para calcular la Firma Circular\u00ae de un edificio<\/p><p>La Circular Signature\u00ae mide la huella de CO2, el nivel de salud, el grado de circularidad y la proporci\u00f3n de productos reutilizados, reciclados y de base biol\u00f3gica de un edificio o de una cartera inmobiliaria, en funci\u00f3n de los productos que lo constituyen<\/p><p>Tambi\u00e9n calcula el valor econ\u00f3mico residual de un edificio, basado en los ingresos recuperables por la venta de productos o materiales usados<\/p><p>Por ello, el Pasaporte Circular\u00ae es la piedra angular de la econom\u00eda circular<\/p>\t\t\t\t\t\t\t\t<\/div>\n\t\t\t\t<\/div>\n\t\t\t\t\t<\/div>\n\t\t<\/div>\n\t\t\t\t\t<\/div>\n\t\t<\/section>\n\t\t\t\t<section class=\"elementor-section elementor-top-section elementor-element elementor-element-f2ad376 elementor-section-boxed elementor-section-height-default elementor-section-height-default\" data-id=\"f2ad376\" data-element_type=\"section\" data-e-type=\"section\">\n\t\t\t\t\t\t<div class=\"elementor-container elementor-column-gap-default\">\n\t\t\t\t\t<div class=\"elementor-column elementor-col-50 elementor-top-column elementor-element elementor-element-5bcb6f9\" data-id=\"5bcb6f9\" data-element_type=\"column\" data-e-type=\"column\">\n\t\t\t<div class=\"elementor-widget-wrap elementor-element-populated\">\n\t\t\t\t\t\t<div class=\"elementor-element elementor-element-0f82282 elementor-align-right elementor-mobile-align-center elementor-widget elementor-widget-button\" data-id=\"0f82282\" data-element_type=\"widget\" data-e-type=\"widget\" data-widget_type=\"button.default\">\n\t\t\t\t<div class=\"elementor-widget-container\">\n\t\t\t\t\t\t\t\t\t<div class=\"elementor-button-wrapper\">\n\t\t\t\t\t<a class=\"elementor-button elementor-button-link elementor-size-sm\" href=\"https:\/\/upcyclea.com\/es\/fabricante-ofertas\/\">\n\t\t\t\t\t\t<span class=\"elementor-button-content-wrapper\">\n\t\t\t\t\t\t\t\t\t<span class=\"elementor-button-text\">Soy un fabricante y quiero publicar mis productos  <\/span>\n\t\t\t\t\t<\/span>\n\t\t\t\t\t<\/a>\n\t\t\t\t<\/div>\n\t\t\t\t\t\t\t\t<\/div>\n\t\t\t\t<\/div>\n\t\t\t\t\t<\/div>\n\t\t<\/div>\n\t\t\t\t<div class=\"elementor-column elementor-col-50 elementor-top-column elementor-element elementor-element-234df27\" data-id=\"234df27\" data-element_type=\"column\" data-e-type=\"column\">\n\t\t\t<div class=\"elementor-widget-wrap elementor-element-populated\">\n\t\t\t\t\t\t<div class=\"elementor-element elementor-element-555e2c8 elementor-align-left elementor-mobile-align-center elementor-widget elementor-widget-button\" data-id=\"555e2c8\" data-element_type=\"widget\" data-e-type=\"widget\" data-widget_type=\"button.default\">\n\t\t\t\t<div class=\"elementor-widget-container\">\n\t\t\t\t\t\t\t\t\t<div class=\"elementor-button-wrapper\">\n\t\t\t\t\t<a class=\"elementor-button elementor-button-link elementor-size-sm\" href=\"\/es\/libreria-pasaporte-circular-consulta\/\">\n\t\t\t\t\t\t<span class=\"elementor-button-content-wrapper\">\n\t\t\t\t\t\t\t\t\t<span class=\"elementor-button-text\">Quiero consultar la librer\u00eda de forma gratuita<\/span>\n\t\t\t\t\t<\/span>\n\t\t\t\t\t<\/a>\n\t\t\t\t<\/div>\n\t\t\t\t\t\t\t\t<\/div>\n\t\t\t\t<\/div>\n\t\t\t\t\t<\/div>\n\t\t<\/div>\n\t\t\t\t\t<\/div>\n\t\t<\/section>\n\t\t\t\t<\/div>\n\t\t","protected":false},"excerpt":{"rendered":"<p>La librer\u00eda del pasaporte circular Casi 10.000 pasaportes que describen el comportamiento medioambiental de los productos sanos y circulares Es imposible medir el impacto ecol\u00f3gico de un edificio sin saber exactamente cu\u00e1les son sus componentes. La librer\u00eda Upcyclea pretende facilitar el ecodise\u00f1o de edificios circulares proporcionando acceso gratuito a miles de Pasaportes Circulares\u00ae. Estos pasaportes [&hellip;]<\/p>\n","protected":false},"author":1,"featured_media":0,"parent":0,"menu_order":0,"comment_status":"closed","ping_status":"closed","template":"","meta":{"footnotes":""},"class_list":["post-14392","page","type-page","status-publish","hentry"],"_links":{"self":[{"href":"https:\/\/upcyclea.com\/es\/wp-json\/wp\/v2\/pages\/14392","targetHints":{"allow":["GET"]}}],"collection":[{"href":"https:\/\/upcyclea.com\/es\/wp-json\/wp\/v2\/pages"}],"about":[{"href":"https:\/\/upcyclea.com\/es\/wp-json\/wp\/v2\/types\/page"}],"author":[{"embeddable":true,"href":"https:\/\/upcyclea.com\/es\/wp-json\/wp\/v2\/users\/1"}],"replies":[{"embeddable":true,"href":"https:\/\/upcyclea.com\/es\/wp-json\/wp\/v2\/comments?post=14392"}],"version-history":[{"count":0,"href":"https:\/\/upcyclea.com\/es\/wp-json\/wp\/v2\/pages\/14392\/revisions"}],"wp:attachment":[{"href":"https:\/\/upcyclea.com\/es\/wp-json\/wp\/v2\/media?parent=14392"}],"curies":[{"name":"wp","href":"https:\/\/api.w.org\/{rel}","templated":true}]}}