{"id":14401,"date":"2022-06-29T16:43:50","date_gmt":"2022-06-29T14:43:50","guid":{"rendered":"https:\/\/www.upcyclea.com\/motor-de-busqueda-de-empleo\/"},"modified":"2024-01-17T22:19:08","modified_gmt":"2024-01-17T21:19:08","slug":"motor-de-busqueda-de-empleo","status":"publish","type":"page","link":"https:\/\/upcyclea.com\/es\/motor-de-busqueda-de-empleo\/","title":{"rendered":"Reutilizar el motor de b\u00fasqueda"},"content":{"rendered":"\t\t<div data-elementor-type=\"wp-page\" data-elementor-id=\"14401\" class=\"elementor elementor-14401 elementor-1269\" data-elementor-post-type=\"page\">\n\t\t\t\t\t\t<section class=\"elementor-section elementor-top-section elementor-element elementor-element-c7f07d1 elementor-section-boxed elementor-section-height-default elementor-section-height-default\" data-id=\"c7f07d1\" data-element_type=\"section\" data-e-type=\"section\" data-settings=\"{&quot;background_background&quot;:&quot;classic&quot;,&quot;shape_divider_bottom&quot;:&quot;triangle-asymmetrical&quot;,&quot;shape_divider_bottom_negative&quot;:&quot;yes&quot;}\">\n\t\t\t\t\t\t\t<div class=\"elementor-background-overlay\"><\/div>\n\t\t\t\t\t\t<div class=\"elementor-shape elementor-shape-bottom\" aria-hidden=\"true\" data-negative=\"true\">\n\t\t\t<svg xmlns=\"http:\/\/www.w3.org\/2000\/svg\" viewBox=\"0 0 1000 100\" preserveAspectRatio=\"none\">\n\t<path class=\"elementor-shape-fill\" d=\"M737.9,94.7L0,0v100h1000V0L737.9,94.7z\"\/>\n<\/svg>\t\t<\/div>\n\t\t\t\t\t<div class=\"elementor-container elementor-column-gap-default\">\n\t\t\t\t\t<div class=\"elementor-column elementor-col-100 elementor-top-column elementor-element elementor-element-2b0035a\" data-id=\"2b0035a\" data-element_type=\"column\" data-e-type=\"column\">\n\t\t\t<div class=\"elementor-widget-wrap elementor-element-populated\">\n\t\t\t\t\t\t<div class=\"elementor-element elementor-element-7792fef elementor-widget elementor-widget-heading\" data-id=\"7792fef\" data-element_type=\"widget\" data-e-type=\"widget\" data-widget_type=\"heading.default\">\n\t\t\t\t<div class=\"elementor-widget-container\">\n\t\t\t\t\t<h1 class=\"elementor-heading-title elementor-size-default\"><b>Noah\u00ae, el buscador de reutilizaci\u00f3n<\/b><\/h1>\t\t\t\t<\/div>\n\t\t\t\t<\/div>\n\t\t\t\t<div class=\"elementor-element elementor-element-e4e8315 elementor-widget__width-auto elementor-absolute elementor-widget elementor-widget-image\" data-id=\"e4e8315\" data-element_type=\"widget\" data-e-type=\"widget\" data-settings=\"{&quot;_position&quot;:&quot;absolute&quot;}\" data-widget_type=\"image.default\">\n\t\t\t\t<div class=\"elementor-widget-container\">\n\t\t\t\t\t\t\t\t\t\t\t\t\t\t\t<img fetchpriority=\"high\" decoding=\"async\" width=\"203\" height=\"444\" src=\"https:\/\/upcyclea.com\/wp-content\/uploads\/2022\/08\/Arc-orange-Opaque-1.svg\" class=\"attachment-full size-full wp-image-13201\" alt=\"\" \/>\t\t\t\t\t\t\t\t\t\t\t\t\t\t\t<\/div>\n\t\t\t\t<\/div>\n\t\t\t\t<div class=\"elementor-element elementor-element-6b23421 elementor-widget elementor-widget-heading\" data-id=\"6b23421\" data-element_type=\"widget\" data-e-type=\"widget\" data-widget_type=\"heading.default\">\n\t\t\t\t<div class=\"elementor-widget-container\">\n\t\t\t\t\t<h2 class=\"elementor-heading-title elementor-size-default\">\u00a1Toda la reutilizaci\u00f3n en un solo lugar!<\/h2>\t\t\t\t<\/div>\n\t\t\t\t<\/div>\n\t\t\t\t\t<\/div>\n\t\t<\/div>\n\t\t\t\t\t<\/div>\n\t\t<\/section>\n\t\t\t\t<section class=\"elementor-section elementor-top-section elementor-element elementor-element-8cdf845 elementor-section-boxed elementor-section-height-default elementor-section-height-default\" data-id=\"8cdf845\" data-element_type=\"section\" data-e-type=\"section\" data-settings=\"{&quot;background_background&quot;:&quot;classic&quot;}\">\n\t\t\t\t\t\t<div class=\"elementor-container elementor-column-gap-default\">\n\t\t\t\t\t<div class=\"elementor-column elementor-col-50 elementor-top-column elementor-element elementor-element-07f60fb\" data-id=\"07f60fb\" data-element_type=\"column\" data-e-type=\"column\">\n\t\t\t<div class=\"elementor-widget-wrap elementor-element-populated\">\n\t\t\t\t\t\t<div class=\"elementor-element elementor-element-d5fd2cb elementor-widget elementor-widget-image\" data-id=\"d5fd2cb\" data-element_type=\"widget\" data-e-type=\"widget\" data-widget_type=\"image.default\">\n\t\t\t\t<div class=\"elementor-widget-container\">\n\t\t\t\t\t\t\t\t\t\t\t\t\t\t\t<img decoding=\"async\" width=\"467\" height=\"350\" src=\"https:\/\/upcyclea.com\/wp-content\/uploads\/2022\/06\/Moteur-re\u00a6uemploi-1.png\" class=\"attachment-full size-full wp-image-12633\" alt=\"Moteur du r\u00e9emploi\" srcset=\"https:\/\/upcyclea.com\/wp-content\/uploads\/2022\/06\/Moteur-re\u00a6uemploi-1.png 467w, https:\/\/upcyclea.com\/wp-content\/uploads\/2022\/06\/Moteur-re\u00a6uemploi-1-300x225.png 300w\" sizes=\"(max-width: 467px) 100vw, 467px\" \/>\t\t\t\t\t\t\t\t\t\t\t\t\t\t\t<\/div>\n\t\t\t\t<\/div>\n\t\t\t\t<div class=\"elementor-element elementor-element-32a3d49 elementor-widget elementor-widget-image\" data-id=\"32a3d49\" data-element_type=\"widget\" data-e-type=\"widget\" data-widget_type=\"image.default\">\n\t\t\t\t<div class=\"elementor-widget-container\">\n\t\t\t\t\t\t\t\t\t\t\t\t\t\t\t<img decoding=\"async\" width=\"465\" height=\"113\" src=\"https:\/\/upcyclea.com\/wp-content\/uploads\/2022\/08\/Moteur-re\u00a6uemploi-Partenaires-1.png\" class=\"attachment-large size-large wp-image-13307\" alt=\"\" srcset=\"https:\/\/upcyclea.com\/wp-content\/uploads\/2022\/08\/Moteur-re\u00a6uemploi-Partenaires-1.png 465w, https:\/\/upcyclea.com\/wp-content\/uploads\/2022\/08\/Moteur-re\u00a6uemploi-Partenaires-1-300x73.png 300w\" sizes=\"(max-width: 465px) 100vw, 465px\" \/>\t\t\t\t\t\t\t\t\t\t\t\t\t\t\t<\/div>\n\t\t\t\t<\/div>\n\t\t\t\t\t<\/div>\n\t\t<\/div>\n\t\t\t\t<div class=\"elementor-column elementor-col-50 elementor-top-column elementor-element elementor-element-4bacb73\" data-id=\"4bacb73\" data-element_type=\"column\" data-e-type=\"column\">\n\t\t\t<div class=\"elementor-widget-wrap elementor-element-populated\">\n\t\t\t\t\t\t<div class=\"elementor-element elementor-element-ce6ab0a elementor-widget elementor-widget-heading\" data-id=\"ce6ab0a\" data-element_type=\"widget\" data-e-type=\"widget\" data-widget_type=\"heading.default\">\n\t\t\t\t<div class=\"elementor-widget-container\">\n\t\t\t\t\t<h2 class=\"elementor-heading-title elementor-size-default\">\u00a1Toda la reutilizaci\u00f3n en un solo lugar!<\/h2>\t\t\t\t<\/div>\n\t\t\t\t<\/div>\n\t\t\t\t<div class=\"elementor-element elementor-element-66ac00f elementor-widget elementor-widget-text-editor\" data-id=\"66ac00f\" data-element_type=\"widget\" data-e-type=\"widget\" data-widget_type=\"text-editor.default\">\n\t\t\t\t<div class=\"elementor-widget-container\">\n\t\t\t\t\t\t\t\t\t<p>myUpcyclea\u00ae maximiza el uso de productos reutilizables in situ<a href=\"https:\/\/upcyclea.com\/diagnostics-pemd\/\">(v\u00e9ase el diagn\u00f3stico de EPRD<\/a>) al correlacionar autom\u00e1ticamente la oferta y la demanda de reutilizaci\u00f3n<\/p>\n<p>Pero en caso de que no haya deconstrucci\u00f3n, o adem\u00e1s de la reutilizaci\u00f3n in situ, myUpcyclea\u00ae ofrece el servicio Noah\u00ae, que da acceso a miles de productos reutilizables ex-situ, de dep\u00f3sito, reacondicionamiento o desalmacenamiento, ofrecidos por los mercados y recursos asociados a Upcyclea<\/p>\n\t\t\t\t\t\t\t\t<\/div>\n\t\t\t\t<\/div>\n\t\t\t\t\t<\/div>\n\t\t<\/div>\n\t\t\t\t\t<\/div>\n\t\t<\/section>\n\t\t\t\t<section class=\"elementor-section elementor-top-section elementor-element elementor-element-0de7cc5 elementor-section-boxed elementor-section-height-default elementor-section-height-default\" data-id=\"0de7cc5\" data-element_type=\"section\" data-e-type=\"section\">\n\t\t\t\t\t\t<div class=\"elementor-container elementor-column-gap-default\">\n\t\t\t\t\t<div class=\"elementor-column elementor-col-100 elementor-top-column elementor-element elementor-element-81cf6e6\" data-id=\"81cf6e6\" data-element_type=\"column\" data-e-type=\"column\">\n\t\t\t<div class=\"elementor-widget-wrap elementor-element-populated\">\n\t\t\t\t\t\t<div class=\"elementor-element elementor-element-345e1b7 elementor-align-left elementor-widget__width-auto elementor-fixed sticky-button elementor-hidden-mobile elementor-widget elementor-widget-button\" data-id=\"345e1b7\" data-element_type=\"widget\" data-e-type=\"widget\" data-settings=\"{&quot;_position&quot;:&quot;fixed&quot;}\" data-widget_type=\"button.default\">\n\t\t\t\t<div class=\"elementor-widget-container\">\n\t\t\t\t\t\t\t\t\t<div class=\"elementor-button-wrapper\">\n\t\t\t\t\t<a class=\"elementor-button elementor-button-link elementor-size-sm\" href=\"https:\/\/upcyclea.zohobookings.eu\/#\/customer\/decouverte-xtine\" target=\"_blank\" rel=\"noopener\">\n\t\t\t\t\t\t<span class=\"elementor-button-content-wrapper\">\n\t\t\t\t\t\t\t\t\t<span class=\"elementor-button-text\">Nosotros <br> contactar con<\/span>\n\t\t\t\t\t<\/span>\n\t\t\t\t\t<\/a>\n\t\t\t\t<\/div>\n\t\t\t\t\t\t\t\t<\/div>\n\t\t\t\t<\/div>\n\t\t\t\t\t<\/div>\n\t\t<\/div>\n\t\t\t\t\t<\/div>\n\t\t<\/section>\n\t\t\t\t<section class=\"elementor-section elementor-top-section elementor-element elementor-element-8cc4a4d elementor-section-boxed elementor-section-height-default elementor-section-height-default\" data-id=\"8cc4a4d\" data-element_type=\"section\" data-e-type=\"section\">\n\t\t\t\t\t\t<div class=\"elementor-container elementor-column-gap-default\">\n\t\t\t\t\t<div class=\"elementor-column elementor-col-100 elementor-top-column elementor-element elementor-element-525e7dc\" data-id=\"525e7dc\" data-element_type=\"column\" data-e-type=\"column\">\n\t\t\t<div class=\"elementor-widget-wrap elementor-element-populated\">\n\t\t\t\t\t\t<div class=\"elementor-element elementor-element-83ae1d0 elementor-widget elementor-widget-heading\" data-id=\"83ae1d0\" data-element_type=\"widget\" data-e-type=\"widget\" data-widget_type=\"heading.default\">\n\t\t\t\t<div class=\"elementor-widget-container\">\n\t\t\t\t\t<h2 class=\"elementor-heading-title elementor-size-default\">Noah ya est\u00e1 disponible como portal para el p\u00fablico en general<\/h2>\t\t\t\t<\/div>\n\t\t\t\t<\/div>\n\t\t\t\t<div class=\"elementor-element elementor-element-991d7da elementor-align-center elementor-widget elementor-widget-button\" data-id=\"991d7da\" data-element_type=\"widget\" data-e-type=\"widget\" data-widget_type=\"button.default\">\n\t\t\t\t<div class=\"elementor-widget-container\">\n\t\t\t\t\t\t\t\t\t<div class=\"elementor-button-wrapper\">\n\t\t\t\t\t<a class=\"elementor-button elementor-button-link elementor-size-lg\" href=\"https:\/\/upcyclea.com\/noah\/\">\n\t\t\t\t\t\t<span class=\"elementor-button-content-wrapper\">\n\t\t\t\t\t\t\t\t\t<span class=\"elementor-button-text\">Leer m\u00e1s<\/span>\n\t\t\t\t\t<\/span>\n\t\t\t\t\t<\/a>\n\t\t\t\t<\/div>\n\t\t\t\t\t\t\t\t<\/div>\n\t\t\t\t<\/div>\n\t\t\t\t<div class=\"elementor-element elementor-element-27d5651 elementor-widget__width-initial elementor-absolute elementor-widget elementor-widget-image\" data-id=\"27d5651\" data-element_type=\"widget\" data-e-type=\"widget\" data-settings=\"{&quot;_position&quot;:&quot;absolute&quot;}\" data-widget_type=\"image.default\">\n\t\t\t\t<div class=\"elementor-widget-container\">\n\t\t\t\t\t\t\t\t\t\t\t\t\t\t\t<img loading=\"lazy\" decoding=\"async\" width=\"282\" height=\"282\" src=\"https:\/\/upcyclea.com\/wp-content\/uploads\/2022\/07\/Croix-orange-1.svg\" class=\"attachment-full size-full wp-image-13087\" alt=\"\" \/>\t\t\t\t\t\t\t\t\t\t\t\t\t\t\t<\/div>\n\t\t\t\t<\/div>\n\t\t\t\t\t<\/div>\n\t\t<\/div>\n\t\t\t\t\t<\/div>\n\t\t<\/section>\n\t\t\t\t<\/div>\n\t\t","protected":false},"excerpt":{"rendered":"<p>Noah\u00ae, el buscador de reutilizaci\u00f3n \u00a1Toda la reutilizaci\u00f3n en un solo lugar! \u00a1Toda la reutilizaci\u00f3n en un solo lugar! myUpcyclea\u00ae maximiza el uso de productos reutilizables in situ(v\u00e9ase el diagn\u00f3stico de EPRD) al correlacionar autom\u00e1ticamente la oferta y la demanda de reutilizaci\u00f3n Pero en caso de que no haya deconstrucci\u00f3n, o adem\u00e1s de la reutilizaci\u00f3n [&hellip;]<\/p>\n","protected":false},"author":1,"featured_media":0,"parent":0,"menu_order":0,"comment_status":"closed","ping_status":"closed","template":"","meta":{"footnotes":""},"class_list":["post-14401","page","type-page","status-publish","hentry"],"_links":{"self":[{"href":"https:\/\/upcyclea.com\/es\/wp-json\/wp\/v2\/pages\/14401","targetHints":{"allow":["GET"]}}],"collection":[{"href":"https:\/\/upcyclea.com\/es\/wp-json\/wp\/v2\/pages"}],"about":[{"href":"https:\/\/upcyclea.com\/es\/wp-json\/wp\/v2\/types\/page"}],"author":[{"embeddable":true,"href":"https:\/\/upcyclea.com\/es\/wp-json\/wp\/v2\/users\/1"}],"replies":[{"embeddable":true,"href":"https:\/\/upcyclea.com\/es\/wp-json\/wp\/v2\/comments?post=14401"}],"version-history":[{"count":2,"href":"https:\/\/upcyclea.com\/es\/wp-json\/wp\/v2\/pages\/14401\/revisions"}],"predecessor-version":[{"id":20721,"href":"https:\/\/upcyclea.com\/es\/wp-json\/wp\/v2\/pages\/14401\/revisions\/20721"}],"wp:attachment":[{"href":"https:\/\/upcyclea.com\/es\/wp-json\/wp\/v2\/media?parent=14401"}],"curies":[{"name":"wp","href":"https:\/\/api.w.org\/{rel}","templated":true}]}}