{"id":14431,"date":"2022-08-15T21:54:18","date_gmt":"2022-08-15T19:54:18","guid":{"rendered":"https:\/\/www.upcyclea.com\/upcyclea-librairy-solicitud-de-pasaporte-creacion\/"},"modified":"2025-06-16T12:29:39","modified_gmt":"2025-06-16T10:29:39","slug":"upcyclea-librairy-solicitud-de-pasaporte-creacion","status":"publish","type":"page","link":"https:\/\/upcyclea.com\/es\/upcyclea-librairy-solicitud-de-pasaporte-creacion\/","title":{"rendered":"Upcyclea Librairy &#8211; Pide la creaci\u00f3n de un pasaporte"},"content":{"rendered":"\t\t<div data-elementor-type=\"wp-page\" data-elementor-id=\"14431\" class=\"elementor elementor-14431 elementor-9510\" data-elementor-post-type=\"page\">\n\t\t\t\t\t\t<section class=\"elementor-section elementor-top-section elementor-element elementor-element-85393cc elementor-section-full_width elementor-section-height-default elementor-section-height-default\" data-id=\"85393cc\" data-element_type=\"section\" data-e-type=\"section\">\n\t\t\t\t\t\t<div class=\"elementor-container elementor-column-gap-default\">\n\t\t\t\t\t<div class=\"elementor-column elementor-col-100 elementor-top-column elementor-element elementor-element-e773b2a\" data-id=\"e773b2a\" data-element_type=\"column\" data-e-type=\"column\">\n\t\t\t<div class=\"elementor-widget-wrap elementor-element-populated\">\n\t\t\t\t\t\t<div class=\"elementor-element elementor-element-b9c4ffb elementor-widget elementor-widget-image\" data-id=\"b9c4ffb\" data-element_type=\"widget\" data-e-type=\"widget\" data-widget_type=\"image.default\">\n\t\t\t\t<div class=\"elementor-widget-container\">\n\t\t\t\t\t\t\t\t\t\t\t\t\t\t\t<img fetchpriority=\"high\" decoding=\"async\" width=\"1000\" height=\"347\" src=\"https:\/\/upcyclea.com\/wp-content\/uploads\/2022\/10\/Bandeau-Biblioteca.png\" class=\"attachment-full size-full wp-image-15384\" alt=\"\" srcset=\"https:\/\/upcyclea.com\/wp-content\/uploads\/2022\/10\/Bandeau-Biblioteca.png 1000w, https:\/\/upcyclea.com\/wp-content\/uploads\/2022\/10\/Bandeau-Biblioteca-300x104.png 300w, https:\/\/upcyclea.com\/wp-content\/uploads\/2022\/10\/Bandeau-Biblioteca-1024x356.png 1024w, https:\/\/upcyclea.com\/wp-content\/uploads\/2022\/10\/Bandeau-Biblioteca-768x267.png 768w\" sizes=\"(max-width: 1000px) 100vw, 1000px\" \/>\t\t\t\t\t\t\t\t\t\t\t\t\t\t\t<\/div>\n\t\t\t\t<\/div>\n\t\t\t\t\t<\/div>\n\t\t<\/div>\n\t\t\t\t\t<\/div>\n\t\t<\/section>\n\t\t\t\t<section class=\"elementor-section elementor-top-section elementor-element elementor-element-d51dc3d elementor-section-boxed elementor-section-height-default elementor-section-height-default\" data-id=\"d51dc3d\" data-element_type=\"section\" data-e-type=\"section\">\n\t\t\t\t\t\t<div class=\"elementor-container elementor-column-gap-default\">\n\t\t\t\t\t<div class=\"elementor-column elementor-col-100 elementor-top-column elementor-element elementor-element-207aa26\" data-id=\"207aa26\" data-element_type=\"column\" data-e-type=\"column\">\n\t\t\t<div class=\"elementor-widget-wrap elementor-element-populated\">\n\t\t\t\t\t\t<div class=\"elementor-element elementor-element-5f5231e elementor-widget elementor-widget-heading\" data-id=\"5f5231e\" data-element_type=\"widget\" data-e-type=\"widget\" data-widget_type=\"heading.default\">\n\t\t\t\t<div class=\"elementor-widget-container\">\n\t\t\t\t\t<h2 class=\"elementor-heading-title elementor-size-default\">\u00bfNo encuentra el producto que busca?<\/h2>\t\t\t\t<\/div>\n\t\t\t\t<\/div>\n\t\t\t\t<section class=\"elementor-section elementor-inner-section elementor-element elementor-element-6897adf elementor-section-boxed elementor-section-height-default elementor-section-height-default\" data-id=\"6897adf\" data-element_type=\"section\" data-e-type=\"section\">\n\t\t\t\t\t\t<div class=\"elementor-container elementor-column-gap-default\">\n\t\t\t\t\t<div class=\"elementor-column elementor-col-100 elementor-inner-column elementor-element elementor-element-a4ee7c0\" data-id=\"a4ee7c0\" data-element_type=\"column\" data-e-type=\"column\">\n\t\t\t<div class=\"elementor-widget-wrap elementor-element-populated\">\n\t\t\t\t\t\t<div class=\"elementor-element elementor-element-b9bc56e elementor-widget elementor-widget-heading\" data-id=\"b9bc56e\" data-element_type=\"widget\" data-e-type=\"widget\" data-widget_type=\"heading.default\">\n\t\t\t\t<div class=\"elementor-widget-container\">\n\t\t\t\t\t<h2 class=\"elementor-heading-title elementor-size-default\">Pide nuevos pasaportes digitales en la biblioteca Upcyclea<\/h2>\t\t\t\t<\/div>\n\t\t\t\t<\/div>\n\t\t\t\t\t<\/div>\n\t\t<\/div>\n\t\t\t\t\t<\/div>\n\t\t<\/section>\n\t\t\t\t<section class=\"elementor-section elementor-inner-section elementor-element elementor-element-385843d elementor-section-boxed elementor-section-height-default elementor-section-height-default\" data-id=\"385843d\" data-element_type=\"section\" data-e-type=\"section\">\n\t\t\t\t\t\t<div class=\"elementor-container elementor-column-gap-default\">\n\t\t\t\t\t<div class=\"elementor-column elementor-col-50 elementor-inner-column elementor-element elementor-element-2854e16\" data-id=\"2854e16\" data-element_type=\"column\" data-e-type=\"column\">\n\t\t\t<div class=\"elementor-widget-wrap elementor-element-populated\">\n\t\t\t\t\t\t<div class=\"elementor-element elementor-element-7910fd3 elementor-widget__width-auto elementor-widget elementor-widget-button\" data-id=\"7910fd3\" data-element_type=\"widget\" data-e-type=\"widget\" data-widget_type=\"button.default\">\n\t\t\t\t<div class=\"elementor-widget-container\">\n\t\t\t\t\t\t\t\t\t<div class=\"elementor-button-wrapper\">\n\t\t\t\t\t<a class=\"elementor-button elementor-button-link elementor-size-sm\" href=\"https:\/\/upcyclea.com\/es\/upcyclea-library-manufacturer\/\">\n\t\t\t\t\t\t<span class=\"elementor-button-content-wrapper\">\n\t\t\t\t\t\t\t\t\t<span class=\"elementor-button-text\">Pida la creaci\u00f3n de<br>  Pasaporte FABRICANTE<\/span>\n\t\t\t\t\t<\/span>\n\t\t\t\t\t<\/a>\n\t\t\t\t<\/div>\n\t\t\t\t\t\t\t\t<\/div>\n\t\t\t\t<\/div>\n\t\t\t\t\t<\/div>\n\t\t<\/div>\n\t\t\t\t<div class=\"elementor-column elementor-col-50 elementor-inner-column elementor-element elementor-element-2b0cc41\" data-id=\"2b0cc41\" data-element_type=\"column\" data-e-type=\"column\">\n\t\t\t<div class=\"elementor-widget-wrap elementor-element-populated\">\n\t\t\t\t\t\t<div class=\"elementor-element elementor-element-ef27013 elementor-widget__width-auto elementor-widget elementor-widget-button\" data-id=\"ef27013\" data-element_type=\"widget\" data-e-type=\"widget\" data-widget_type=\"button.default\">\n\t\t\t\t<div class=\"elementor-widget-container\">\n\t\t\t\t\t\t\t\t\t<div class=\"elementor-button-wrapper\">\n\t\t\t\t\t<a class=\"elementor-button elementor-button-link elementor-size-sm\" href=\"https:\/\/upcyclea.com\/es\/upcyclea-library-generic\/\">\n\t\t\t\t\t\t<span class=\"elementor-button-content-wrapper\">\n\t\t\t\t\t\t\t\t\t<span class=\"elementor-button-text\">Pida la creaci\u00f3n de<br>  Pasaporte GEN\u00c9RICO<\/span>\n\t\t\t\t\t<\/span>\n\t\t\t\t\t<\/a>\n\t\t\t\t<\/div>\n\t\t\t\t\t\t\t\t<\/div>\n\t\t\t\t<\/div>\n\t\t\t\t\t<\/div>\n\t\t<\/div>\n\t\t\t\t\t<\/div>\n\t\t<\/section>\n\t\t\t\t<section class=\"elementor-section elementor-inner-section elementor-element elementor-element-656a551 elementor-section-boxed elementor-section-height-default elementor-section-height-default\" data-id=\"656a551\" data-element_type=\"section\" data-e-type=\"section\">\n\t\t\t\t\t\t<div class=\"elementor-container elementor-column-gap-default\">\n\t\t\t\t\t<div class=\"elementor-column elementor-col-50 elementor-inner-column elementor-element elementor-element-300fe8e\" data-id=\"300fe8e\" data-element_type=\"column\" data-e-type=\"column\">\n\t\t\t<div class=\"elementor-widget-wrap elementor-element-populated\">\n\t\t\t\t\t\t<div class=\"elementor-element elementor-element-7cfce5b elementor-widget elementor-widget-image\" data-id=\"7cfce5b\" data-element_type=\"widget\" data-e-type=\"widget\" id=\"imgone\" data-widget_type=\"image.default\">\n\t\t\t\t<div class=\"elementor-widget-container\">\n\t\t\t\t\t\t\t\t\t\t\t\t\t\t\t<img decoding=\"async\" width=\"350\" height=\"350\" src=\"https:\/\/upcyclea.com\/wp-content\/uploads\/2022\/08\/Fabricant-1.png\" class=\"attachment-large size-large wp-image-13297\" alt=\"\" srcset=\"https:\/\/upcyclea.com\/wp-content\/uploads\/2022\/08\/Fabricant-1.png 350w, https:\/\/upcyclea.com\/wp-content\/uploads\/2022\/08\/Fabricant-1-300x300.png 300w, https:\/\/upcyclea.com\/wp-content\/uploads\/2022\/08\/Fabricant-1-150x150.png 150w\" sizes=\"(max-width: 350px) 100vw, 350px\" \/>\t\t\t\t\t\t\t\t\t\t\t\t\t\t\t<\/div>\n\t\t\t\t<\/div>\n\t\t\t\t<div class=\"elementor-element elementor-element-2176936 elementor-absolute elementor-vertical-align-top elementor-widget elementor-widget-image-box\" data-id=\"2176936\" data-element_type=\"widget\" data-e-type=\"widget\" id=\"boxone\" data-settings=\"{&quot;_position&quot;:&quot;absolute&quot;}\" data-widget_type=\"image-box.default\">\n\t\t\t\t<div class=\"elementor-widget-container\">\n\t\t\t\t\t<div class=\"elementor-image-box-wrapper\"><div class=\"elementor-image-box-content\"><h3 class=\"elementor-image-box-title\">Fabricaci\u00f3n de pasaportes<\/h3><p class=\"elementor-image-box-description\"><strong>Estos pasaportes circulares son creados directamente por los fabricantes de productos.  <\/strong>Los datos medioambientales proporcionados son precisos y espec\u00edficos para cada producto.\n<br>\n<br>\nCorresponden a productos de cat\u00e1logo identificados por una referencia y resultantes de un proceso de fabricaci\u00f3n definido (por ejemplo, muebles, textiles, equipos t\u00e9cnicos, etc.).  <\/p><\/div><\/div>\t\t\t\t<\/div>\n\t\t\t\t<\/div>\n\t\t\t\t\t<\/div>\n\t\t<\/div>\n\t\t\t\t<div class=\"elementor-column elementor-col-50 elementor-inner-column elementor-element elementor-element-bde0d42\" data-id=\"bde0d42\" data-element_type=\"column\" data-e-type=\"column\">\n\t\t\t<div class=\"elementor-widget-wrap elementor-element-populated\">\n\t\t\t\t\t\t<div class=\"elementor-element elementor-element-badeef6 elementor-widget elementor-widget-image\" data-id=\"badeef6\" data-element_type=\"widget\" data-e-type=\"widget\" id=\"imgtwo\" data-widget_type=\"image.default\">\n\t\t\t\t<div class=\"elementor-widget-container\">\n\t\t\t\t\t\t\t\t\t\t\t\t\t\t\t<img decoding=\"async\" width=\"350\" height=\"350\" src=\"https:\/\/upcyclea.com\/wp-content\/uploads\/2022\/08\/Ge\u0301ne\u0301rique-1.png\" class=\"attachment-large size-large wp-image-13295\" alt=\"\" srcset=\"https:\/\/upcyclea.com\/wp-content\/uploads\/2022\/08\/Ge\u0301ne\u0301rique-1.png 350w, https:\/\/upcyclea.com\/wp-content\/uploads\/2022\/08\/Ge\u0301ne\u0301rique-1-300x300.png 300w, https:\/\/upcyclea.com\/wp-content\/uploads\/2022\/08\/Ge\u0301ne\u0301rique-1-150x150.png 150w\" sizes=\"(max-width: 350px) 100vw, 350px\" \/>\t\t\t\t\t\t\t\t\t\t\t\t\t\t\t<\/div>\n\t\t\t\t<\/div>\n\t\t\t\t<div class=\"elementor-element elementor-element-fd15587 elementor-absolute elementor-vertical-align-top elementor-widget elementor-widget-image-box\" data-id=\"fd15587\" data-element_type=\"widget\" data-e-type=\"widget\" id=\"boxtwo\" data-settings=\"{&quot;_position&quot;:&quot;absolute&quot;}\" data-widget_type=\"image-box.default\">\n\t\t\t\t<div class=\"elementor-widget-container\">\n\t\t\t\t\t<div class=\"elementor-image-box-wrapper\"><div class=\"elementor-image-box-content\"><h3 class=\"elementor-image-box-title\">Pasaportes gen\u00e9ricos<\/h3><p class=\"elementor-image-box-description\"><strong>Estos pasaportes circulares corresponden a productos de los que no se conoce ni el fabricante ni la referencia.  <\/strong><br>\nPueden utilizarse para caracterizar productos cuya referencia se desconoce (por ejemplo, en el caso de los productos de dep\u00f3sito) o para los que no se dispone de pasaporte del fabricante.  <br>\nLos datos medioambientales que se introducen son gen\u00e9ricos y proceden de la base de datos del INIES o de los datos de ADEME.  \n<\/p><\/div><\/div>\t\t\t\t<\/div>\n\t\t\t\t<\/div>\n\t\t\t\t\t<\/div>\n\t\t<\/div>\n\t\t\t\t\t<\/div>\n\t\t<\/section>\n\t\t\t\t\t<\/div>\n\t\t<\/div>\n\t\t\t\t\t<\/div>\n\t\t<\/section>\n\t\t\t\t<section class=\"elementor-section elementor-top-section elementor-element elementor-element-b2f4ed4 elementor-section-boxed elementor-section-height-default elementor-section-height-default\" data-id=\"b2f4ed4\" data-element_type=\"section\" data-e-type=\"section\">\n\t\t\t\t\t\t<div class=\"elementor-container elementor-column-gap-default\">\n\t\t\t\t\t<div class=\"elementor-column elementor-col-100 elementor-top-column elementor-element elementor-element-d620d8b\" data-id=\"d620d8b\" data-element_type=\"column\" data-e-type=\"column\">\n\t\t\t<div class=\"elementor-widget-wrap elementor-element-populated\">\n\t\t\t\t\t\t<div class=\"elementor-element elementor-element-2c8b85a elementor-widget elementor-widget-text-editor\" data-id=\"2c8b85a\" data-element_type=\"widget\" data-e-type=\"widget\" data-widget_type=\"text-editor.default\">\n\t\t\t\t<div class=\"elementor-widget-container\">\n\t\t\t\t\t\t\t\t\t<p><strong><br \/>\n  <span style=\"color: #4b08a1;\">Para las solicitudes de creaci\u00f3n de pasaporte(s) circular(es) del fabricante,<\/span><br \/>\n<\/strong> le enviaremos un correo electr\u00f3nico personalizado a su contacto en el fabricante. Si no ha introducido un contacto, consultaremos nuestro directorio y nos pondremos en contacto con la persona de contacto si es posible. Se le informar\u00e1 del progreso de la solicitud en un plazo de 10 d\u00edas. Tenga en cuenta que es posible que el fabricante no responda a su solicitud y que la satisfacci\u00f3n de su petici\u00f3n no depende totalmente de nosotros. En este caso, se recomendar\u00e1 un pasaporte gen\u00e9rico para caracterizar su producto.<\/p>\n<p><strong><br \/>\n  <span style=\"color: #4b08a1;\">Para las solicitudes de creaci\u00f3n de pasaporte(s) circular(es) gen\u00e9rico(s),<\/span><br \/>\n<\/strong> la solicitud ser\u00e1 procesada en un plazo de 72 horas por nuestros equipos. Recibir\u00e1 un correo electr\u00f3nico de confirmaci\u00f3n con los datos de acceso a los pasaportes creados.<\/p>\n<p>Si tiene alguna duda o problema para rellenar el formulario, puede ponerse en contacto con nosotros en <span style=\"text-decoration: underline;\">support@upcyclea.com.<\/span><\/p>\n\t\t\t\t\t\t\t\t<\/div>\n\t\t\t\t<\/div>\n\t\t\t\t\t<\/div>\n\t\t<\/div>\n\t\t\t\t\t<\/div>\n\t\t<\/section>\n\t\t\t\t<\/div>\n\t\t","protected":false},"excerpt":{"rendered":"<p>\u00bfNo encuentra el producto que busca? Pide nuevos pasaportes digitales en la biblioteca Upcyclea Pida la creaci\u00f3n de Pasaporte FABRICANTE Pida la creaci\u00f3n de Pasaporte GEN\u00c9RICO Fabricaci\u00f3n de pasaportes Estos pasaportes circulares son creados directamente por los fabricantes de productos. Los datos medioambientales proporcionados son precisos y espec\u00edficos para cada producto. Corresponden a productos de [&hellip;]<\/p>\n","protected":false},"author":1,"featured_media":0,"parent":0,"menu_order":0,"comment_status":"closed","ping_status":"closed","template":"","meta":{"footnotes":""},"class_list":["post-14431","page","type-page","status-publish","hentry"],"_links":{"self":[{"href":"https:\/\/upcyclea.com\/es\/wp-json\/wp\/v2\/pages\/14431","targetHints":{"allow":["GET"]}}],"collection":[{"href":"https:\/\/upcyclea.com\/es\/wp-json\/wp\/v2\/pages"}],"about":[{"href":"https:\/\/upcyclea.com\/es\/wp-json\/wp\/v2\/types\/page"}],"author":[{"embeddable":true,"href":"https:\/\/upcyclea.com\/es\/wp-json\/wp\/v2\/users\/1"}],"replies":[{"embeddable":true,"href":"https:\/\/upcyclea.com\/es\/wp-json\/wp\/v2\/comments?post=14431"}],"version-history":[{"count":7,"href":"https:\/\/upcyclea.com\/es\/wp-json\/wp\/v2\/pages\/14431\/revisions"}],"predecessor-version":[{"id":28294,"href":"https:\/\/upcyclea.com\/es\/wp-json\/wp\/v2\/pages\/14431\/revisions\/28294"}],"wp:attachment":[{"href":"https:\/\/upcyclea.com\/es\/wp-json\/wp\/v2\/media?parent=14431"}],"curies":[{"name":"wp","href":"https:\/\/api.w.org\/{rel}","templated":true}]}}