{"id":14445,"date":"2022-08-13T17:23:48","date_gmt":"2022-08-13T15:23:48","guid":{"rendered":"https:\/\/www.upcyclea.com\/upcyclea-library-manufacturer\/"},"modified":"2025-06-16T11:09:10","modified_gmt":"2025-06-16T09:09:10","slug":"upcyclea-library-manufacturer","status":"publish","type":"page","link":"https:\/\/upcyclea.com\/es\/upcyclea-library-manufacturer\/","title":{"rendered":"Biblioteca Upcyclea &#8211; Fabricante"},"content":{"rendered":"\t\t<div data-elementor-type=\"wp-page\" data-elementor-id=\"14445\" class=\"elementor elementor-14445 elementor-9400\" data-elementor-post-type=\"page\">\n\t\t\t\t\t\t<section class=\"elementor-section elementor-top-section elementor-element elementor-element-6e732e1 elementor-section-boxed elementor-section-height-default elementor-section-height-default\" data-id=\"6e732e1\" data-element_type=\"section\" data-e-type=\"section\">\n\t\t\t\t\t\t<div class=\"elementor-container elementor-column-gap-default\">\n\t\t\t\t\t<div class=\"elementor-column elementor-col-100 elementor-top-column elementor-element elementor-element-0a58cea\" data-id=\"0a58cea\" data-element_type=\"column\" data-e-type=\"column\">\n\t\t\t<div class=\"elementor-widget-wrap elementor-element-populated\">\n\t\t\t\t\t\t<div class=\"elementor-element elementor-element-32501aa elementor-widget elementor-widget-image\" data-id=\"32501aa\" data-element_type=\"widget\" data-e-type=\"widget\" data-widget_type=\"image.default\">\n\t\t\t\t<div class=\"elementor-widget-container\">\n\t\t\t\t\t\t\t\t\t\t\t\t\t\t\t<img fetchpriority=\"high\" decoding=\"async\" width=\"1000\" height=\"347\" src=\"https:\/\/upcyclea.com\/wp-content\/uploads\/2022\/10\/Bandeau-Biblioteca.png\" class=\"attachment-full size-full wp-image-15384\" alt=\"\" srcset=\"https:\/\/upcyclea.com\/wp-content\/uploads\/2022\/10\/Bandeau-Biblioteca.png 1000w, https:\/\/upcyclea.com\/wp-content\/uploads\/2022\/10\/Bandeau-Biblioteca-300x104.png 300w, https:\/\/upcyclea.com\/wp-content\/uploads\/2022\/10\/Bandeau-Biblioteca-1024x356.png 1024w, https:\/\/upcyclea.com\/wp-content\/uploads\/2022\/10\/Bandeau-Biblioteca-768x267.png 768w\" sizes=\"(max-width: 1000px) 100vw, 1000px\" \/>\t\t\t\t\t\t\t\t\t\t\t\t\t\t\t<\/div>\n\t\t\t\t<\/div>\n\t\t\t\t\t<\/div>\n\t\t<\/div>\n\t\t\t\t\t<\/div>\n\t\t<\/section>\n\t\t\t\t<section class=\"elementor-section elementor-top-section elementor-element elementor-element-80e6b37 elementor-section-boxed elementor-section-height-default elementor-section-height-default\" data-id=\"80e6b37\" data-element_type=\"section\" data-e-type=\"section\">\n\t\t\t\t\t\t<div class=\"elementor-container elementor-column-gap-default\">\n\t\t\t\t\t<div class=\"elementor-column elementor-col-100 elementor-top-column elementor-element elementor-element-638845d\" data-id=\"638845d\" data-element_type=\"column\" data-e-type=\"column\">\n\t\t\t<div class=\"elementor-widget-wrap elementor-element-populated\">\n\t\t\t\t\t\t<div class=\"elementor-element elementor-element-bfe14ab elementor-widget elementor-widget-heading\" data-id=\"bfe14ab\" data-element_type=\"widget\" data-e-type=\"widget\" data-widget_type=\"heading.default\">\n\t\t\t\t<div class=\"elementor-widget-container\">\n\t\t\t\t\t<h2 class=\"elementor-heading-title elementor-size-default\">Usted solicita la creaci\u00f3n de un<\/h2>\t\t\t\t<\/div>\n\t\t\t\t<\/div>\n\t\t\t\t<div class=\"elementor-element elementor-element-fe630e1 elementor-widget elementor-widget-heading\" data-id=\"fe630e1\" data-element_type=\"widget\" data-e-type=\"widget\" data-widget_type=\"heading.default\">\n\t\t\t\t<div class=\"elementor-widget-container\">\n\t\t\t\t\t<h2 class=\"elementor-heading-title elementor-size-default\">Pasaporte digital FABRICANTE<\/h2>\t\t\t\t<\/div>\n\t\t\t\t<\/div>\n\t\t\t\t<section class=\"elementor-section elementor-inner-section elementor-element elementor-element-ce092e2 elementor-section-boxed elementor-section-height-default elementor-section-height-default\" data-id=\"ce092e2\" data-element_type=\"section\" data-e-type=\"section\">\n\t\t\t\t\t\t<div class=\"elementor-container elementor-column-gap-default\">\n\t\t\t\t\t<div class=\"elementor-column elementor-col-100 elementor-inner-column elementor-element elementor-element-863fede\" data-id=\"863fede\" data-element_type=\"column\" data-e-type=\"column\">\n\t\t\t<div class=\"elementor-widget-wrap elementor-element-populated\">\n\t\t\t\t\t\t<div class=\"elementor-element elementor-element-ff70d2a elementor-widget elementor-widget-text-editor\" data-id=\"ff70d2a\" data-element_type=\"widget\" data-e-type=\"widget\" data-widget_type=\"text-editor.default\">\n\t\t\t\t<div class=\"elementor-widget-container\">\n\t\t\t\t\t\t\t\t\tPor favor, rellene el siguiente formulario:\t\t\t\t\t\t\t\t<\/div>\n\t\t\t\t<\/div>\n\t\t\t\t\t<\/div>\n\t\t<\/div>\n\t\t\t\t\t<\/div>\n\t\t<\/section>\n\t\t\t\t<div class=\"elementor-element elementor-element-221d5cf elementor-widget elementor-widget-text-editor\" data-id=\"221d5cf\" data-element_type=\"widget\" data-e-type=\"widget\" data-widget_type=\"text-editor.default\">\n\t\t\t\t<div class=\"elementor-widget-container\">\n\t\t\t\t\t\t\t\t\t<p><span style=\"color: #ffaa00;\">*<\/span> campos obligatorios<\/p>\t\t\t\t\t\t\t\t<\/div>\n\t\t\t\t<\/div>\n\t\t\t\t<div class=\"elementor-element elementor-element-e776b0d elementor-widget elementor-widget-wpforms\" data-id=\"e776b0d\" data-element_type=\"widget\" data-e-type=\"widget\" data-widget_type=\"wpforms.default\">\n\t\t\t\t<div class=\"elementor-widget-container\">\n\t\t\t\t\t<div class=\"wpforms-container wpforms-container-full wpforms-render-modern\" id=\"wpforms-28031\"><form id=\"wpforms-form-28031\" class=\"wpforms-validate wpforms-form\" data-formid=\"28031\" method=\"post\" enctype=\"multipart\/form-data\" action=\"\/es\/wp-json\/wp\/v2\/pages\/14445\" data-token=\"bd889c89ad3baaecae7a88fc7e9c37db\" data-token-time=\"1775560547\"><noscript class=\"wpforms-error-noscript\">Por favor, activa JavaScript en tu navegador para completar este formulario.<\/noscript><div id=\"wpforms-error-noscript\" style=\"display: none;\">Por favor, activa JavaScript en tu navegador para completar este formulario.<\/div><div class=\"wpforms-field-container\"><div id=\"wpforms-28031-field_1-container\" class=\"wpforms-field wpforms-field-radio\" data-field-id=\"1\"><fieldset><legend class=\"wpforms-field-label\"><\/legend><ul id=\"wpforms-28031-field_1\"><li class=\"choice-0 depth-1\"><input type=\"radio\" id=\"wpforms-28031-field_1_0\" name=\"wpforms[fields][1]\" value=\"Se\u00f1or\" aria-errormessage=\"wpforms-28031-field_1_0-error\"  ><label class=\"wpforms-field-label-inline\" for=\"wpforms-28031-field_1_0\">Se\u00f1or<\/label><\/li><li class=\"choice-1 depth-1\"><input type=\"radio\" id=\"wpforms-28031-field_1_1\" name=\"wpforms[fields][1]\" value=\"Se\u00f1ora\" aria-errormessage=\"wpforms-28031-field_1_1-error\"  ><label class=\"wpforms-field-label-inline\" for=\"wpforms-28031-field_1_1\">Se\u00f1ora<\/label><\/li><\/ul><\/fieldset><\/div><div id=\"wpforms-28031-field_2-container\" class=\"wpforms-field wpforms-field-text\" data-field-id=\"2\"><label class=\"wpforms-field-label\" for=\"wpforms-28031-field_2\">Nombre <span class=\"wpforms-required-label\" aria-hidden=\"true\">*<\/span><\/label><input type=\"text\" id=\"wpforms-28031-field_2\" class=\"wpforms-field-medium wpforms-field-required\" name=\"wpforms[fields][2]\" aria-errormessage=\"wpforms-28031-field_2-error\" required><\/div><div id=\"wpforms-28031-field_3-container\" class=\"wpforms-field wpforms-field-text\" data-field-id=\"3\"><label class=\"wpforms-field-label\" for=\"wpforms-28031-field_3\"> Apellido <span class=\"wpforms-required-label\" aria-hidden=\"true\">*<\/span><\/label><input type=\"text\" id=\"wpforms-28031-field_3\" class=\"wpforms-field-medium wpforms-field-required\" name=\"wpforms[fields][3]\" aria-errormessage=\"wpforms-28031-field_3-error\" required><\/div><div id=\"wpforms-28031-field_4-container\" class=\"wpforms-field wpforms-field-text\" data-field-id=\"4\"><label class=\"wpforms-field-label\" for=\"wpforms-28031-field_4\">Organizaci\u00f3n <span class=\"wpforms-required-label\" aria-hidden=\"true\">*<\/span><\/label><input type=\"text\" id=\"wpforms-28031-field_4\" class=\"wpforms-field-medium wpforms-field-required\" name=\"wpforms[fields][4]\" aria-errormessage=\"wpforms-28031-field_4-error\" required><\/div><div id=\"wpforms-28031-field_39-container\" class=\"wpforms-field wpforms-field-select wpforms-field-select-style-classic\" data-field-id=\"39\"><label class=\"wpforms-field-label\" for=\"wpforms-28031-field_39\">Soy... <span class=\"wpforms-required-label\" aria-hidden=\"true\">*<\/span><\/label><select id=\"wpforms-28031-field_39\" class=\"wpforms-field-medium wpforms-field-required\" name=\"wpforms[fields][39]\" required=\"required\"><option value=\"\" class=\"placeholder\" disabled >---<\/option><option value=\"Propietario\"  selected='selected' class=\"choice-0 depth-1\"  >Propietario<\/option><option value=\"Arquitecto\"  class=\"choice-3 depth-1\"  >Arquitecto<\/option><option value=\"Contratista general\"  class=\"choice-1 depth-1\"  >Contratista general<\/option><option value=\"Oficina de dise\u00f1o\"  class=\"choice-2 depth-1\"  >Oficina de dise\u00f1o<\/option><option value=\"Otro\"  class=\"choice-4 depth-1\"  >Otro<\/option><\/select><\/div><div id=\"wpforms-28031-field_5-container\" class=\"wpforms-field wpforms-field-email\" data-field-id=\"5\"><label class=\"wpforms-field-label\" for=\"wpforms-28031-field_5\">Correo electr\u00f3nico <span class=\"wpforms-required-label\" aria-hidden=\"true\">*<\/span><\/label><input type=\"email\" id=\"wpforms-28031-field_5\" class=\"wpforms-field-medium wpforms-field-required\" name=\"wpforms[fields][5]\" spellcheck=\"false\" aria-errormessage=\"wpforms-28031-field_5-error\" required><\/div><div id=\"wpforms-28031-field_6-container\" class=\"wpforms-field wpforms-field-phone\" data-field-id=\"6\"><label class=\"wpforms-field-label\" for=\"wpforms-28031-field_6\">Tel\u00e9fono <span class=\"wpforms-required-label\" aria-hidden=\"true\">*<\/span><\/label><input type=\"tel\" id=\"wpforms-28031-field_6\" class=\"wpforms-field-medium wpforms-field-required\" data-rule-int-phone-field=\"true\" name=\"wpforms[fields][6]\" aria-label=\"Tel\u00e9fono\" aria-errormessage=\"wpforms-28031-field_6-error\" required><\/div><div id=\"wpforms-28031-field_41-container\" class=\"wpforms-field wpforms-field-divider\" data-field-id=\"41\"><h3 id=\"wpforms-28031-field_41\" aria-errormessage=\"wpforms-28031-field_41-error\" aria-describedby=\"wpforms-28031-field_41-description\">Pasaportes solicitados<\/h3><div id=\"wpforms-28031-field_41-description\" class=\"wpforms-field-description\">Introduzca la informaci\u00f3n sobre el fabricante y los productos del fabricante para los que desea recibir pasaportes digitales. Nos pondremos en contacto con ellos en su nombre.\n\nSea lo m\u00e1s preciso posible para que podamos tramitar su solicitud con la mayor celeridad.<\/div><\/div><div id=\"wpforms-28031-field_7-container\" class=\"wpforms-field wpforms-field-text\" data-field-id=\"7\"><label class=\"wpforms-field-label\" for=\"wpforms-28031-field_7\">Nombre del fabricante <span class=\"wpforms-required-label\" aria-hidden=\"true\">*<\/span><\/label><input type=\"text\" id=\"wpforms-28031-field_7\" class=\"wpforms-field-medium wpforms-field-required\" name=\"wpforms[fields][7]\" aria-errormessage=\"wpforms-28031-field_7-error\" required><\/div><div id=\"wpforms-28031-field_45-container\" class=\"wpforms-field wpforms-field-text\" data-field-id=\"45\"><label class=\"wpforms-field-label\" for=\"wpforms-28031-field_45\">Contacto del fabricante (nombre y tel\u00e9fono) <span class=\"wpforms-required-label\" aria-hidden=\"true\">*<\/span><\/label><input type=\"text\" id=\"wpforms-28031-field_45\" class=\"wpforms-field-medium wpforms-field-required\" name=\"wpforms[fields][45]\" aria-errormessage=\"wpforms-28031-field_45-error\" required><\/div><div id=\"wpforms-28031-field_8-container\" class=\"wpforms-field wpforms-field-email\" data-field-id=\"8\"><label class=\"wpforms-field-label\" for=\"wpforms-28031-field_8\">Correo electr\u00f3nico del fabricante <span class=\"wpforms-required-label\" aria-hidden=\"true\">*<\/span><\/label><input type=\"email\" id=\"wpforms-28031-field_8\" class=\"wpforms-field-medium wpforms-field-required\" name=\"wpforms[fields][8]\" spellcheck=\"false\" aria-errormessage=\"wpforms-28031-field_8-error\" required><\/div><div id=\"wpforms-28031-field_9-container\" class=\"wpforms-field wpforms-field-text\" data-field-id=\"9\"><label class=\"wpforms-field-label\" for=\"wpforms-28031-field_9\">Nombre del producto n\u00b01 <span class=\"wpforms-required-label\" aria-hidden=\"true\">*<\/span><\/label><input type=\"text\" id=\"wpforms-28031-field_9\" class=\"wpforms-field-medium wpforms-field-required\" name=\"wpforms[fields][9]\" aria-errormessage=\"wpforms-28031-field_9-error\" required><\/div><div id=\"wpforms-28031-field_10-container\" class=\"wpforms-field wpforms-field-text\" data-field-id=\"10\"><label class=\"wpforms-field-label\" for=\"wpforms-28031-field_10\">Referencia del fabricante del producto n\u00b01 <span class=\"wpforms-required-label\" aria-hidden=\"true\">*<\/span><\/label><input type=\"text\" id=\"wpforms-28031-field_10\" class=\"wpforms-field-medium wpforms-field-required\" name=\"wpforms[fields][10]\" aria-errormessage=\"wpforms-28031-field_10-error\" required><\/div><div id=\"wpforms-28031-field_11-container\" class=\"wpforms-field wpforms-field-text\" data-field-id=\"11\"><label class=\"wpforms-field-label\" for=\"wpforms-28031-field_11\">GTIN o EAN del producto n\u00b01<\/label><input type=\"text\" id=\"wpforms-28031-field_11\" class=\"wpforms-field-medium\" name=\"wpforms[fields][11]\" aria-errormessage=\"wpforms-28031-field_11-error\" ><\/div><div id=\"wpforms-28031-field_50-container\" class=\"wpforms-field wpforms-field-text\" data-field-id=\"50\"><label class=\"wpforms-field-label\" for=\"wpforms-28031-field_50\">Nombre del producto n\u00b02<\/label><input type=\"text\" id=\"wpforms-28031-field_50\" class=\"wpforms-field-medium\" name=\"wpforms[fields][50]\" aria-errormessage=\"wpforms-28031-field_50-error\" ><\/div><div id=\"wpforms-28031-field_48-container\" class=\"wpforms-field wpforms-field-text\" data-field-id=\"48\"><label class=\"wpforms-field-label\" for=\"wpforms-28031-field_48\">Referencia del fabricante del producto n\u00b02<\/label><input type=\"text\" id=\"wpforms-28031-field_48\" class=\"wpforms-field-medium\" name=\"wpforms[fields][48]\" aria-errormessage=\"wpforms-28031-field_48-error\" ><\/div><div id=\"wpforms-28031-field_46-container\" class=\"wpforms-field wpforms-field-text\" data-field-id=\"46\"><label class=\"wpforms-field-label\" for=\"wpforms-28031-field_46\">GTIN o EAN del producto n\u00b02<\/label><input type=\"text\" id=\"wpforms-28031-field_46\" class=\"wpforms-field-medium\" name=\"wpforms[fields][46]\" aria-errormessage=\"wpforms-28031-field_46-error\" ><\/div><div id=\"wpforms-28031-field_51-container\" class=\"wpforms-field wpforms-field-text\" data-field-id=\"51\"><label class=\"wpforms-field-label\" for=\"wpforms-28031-field_51\">Nombre del producto n\u00b03<\/label><input type=\"text\" id=\"wpforms-28031-field_51\" class=\"wpforms-field-medium\" name=\"wpforms[fields][51]\" aria-errormessage=\"wpforms-28031-field_51-error\" ><\/div><div id=\"wpforms-28031-field_49-container\" class=\"wpforms-field wpforms-field-text\" data-field-id=\"49\"><label class=\"wpforms-field-label\" for=\"wpforms-28031-field_49\">Referencia del fabricante del producto n\u00b03<\/label><input type=\"text\" id=\"wpforms-28031-field_49\" class=\"wpforms-field-medium\" name=\"wpforms[fields][49]\" aria-errormessage=\"wpforms-28031-field_49-error\" ><\/div><div id=\"wpforms-28031-field_47-container\" class=\"wpforms-field wpforms-field-text\" data-field-id=\"47\"><label class=\"wpforms-field-label\" for=\"wpforms-28031-field_47\">GTIN o EAN del producto n\u00b03<\/label><input type=\"text\" id=\"wpforms-28031-field_47\" class=\"wpforms-field-medium\" name=\"wpforms[fields][47]\" aria-errormessage=\"wpforms-28031-field_47-error\" ><\/div><div id=\"wpforms-28031-field_52-container\" class=\"wpforms-field wpforms-field-checkbox\" data-field-id=\"52\"><fieldset><legend class=\"wpforms-field-label\">Autorizaci\u00f3n <span class=\"wpforms-required-label\" aria-hidden=\"true\">*<\/span><\/legend><ul id=\"wpforms-28031-field_52\" class=\"wpforms-field-required\"><li class=\"choice-1 depth-1\"><input type=\"checkbox\" id=\"wpforms-28031-field_52_1\" name=\"wpforms[fields][52][]\" value=\"Certifico que la informaci\u00f3n facilitada es correcta y autorizo a Upcyclea a ponerse en contacto con el fabricante en mi nombre.\" aria-errormessage=\"wpforms-28031-field_52_1-error\" required ><label class=\"wpforms-field-label-inline\" for=\"wpforms-28031-field_52_1\">Certifico que la informaci\u00f3n facilitada es correcta y autorizo a Upcyclea a ponerse en contacto con el fabricante en mi nombre.<\/label><\/li><\/ul><\/fieldset><\/div><\/div><!-- .wpforms-field-container --><div class=\"wpforms-recaptcha-container wpforms-is-recaptcha wpforms-is-recaptcha-type-v3\" ><input type=\"hidden\" name=\"wpforms[recaptcha]\" value=\"\"><\/div><div class=\"wpforms-submit-container\" ><input type=\"hidden\" name=\"wpforms[id]\" value=\"28031\"><input type=\"hidden\" name=\"page_title\" value=\"\"><input type=\"hidden\" name=\"page_url\" value=\"https:\/\/upcyclea.com\/es\/wp-json\/wp\/v2\/pages\/14445\"><input type=\"hidden\" name=\"url_referer\" value=\"\"><button type=\"submit\" name=\"wpforms[submit]\" id=\"wpforms-submit-28031\" class=\"wpforms-submit\" data-alt-text=\"Enviando...\" data-submit-text=\"Enviar\" aria-live=\"assertive\" value=\"wpforms-submit\">Enviar<\/button><\/div><\/form><\/div>  <!-- .wpforms-container -->\t\t\t\t<\/div>\n\t\t\t\t<\/div>\n\t\t\t\t\t<\/div>\n\t\t<\/div>\n\t\t\t\t\t<\/div>\n\t\t<\/section>\n\t\t\t\t<\/div>\n\t\t","protected":false},"excerpt":{"rendered":"<p>Usted solicita la creaci\u00f3n de un Pasaporte digital FABRICANTE Por favor, rellene el siguiente formulario: * campos obligatorios Por favor, activa JavaScript en tu navegador para completar este formulario.Por favor, activa JavaScript en tu navegador para completar este formulario. Se\u00f1or Se\u00f1ora Nombre * Apellido *Organizaci\u00f3n *Soy&#8230; *&#8212;PropietarioArquitectoContratista generalOficina de dise\u00f1oOtroCorreo electr\u00f3nico *Tel\u00e9fono * Pasaportes solicitados [&hellip;]<\/p>\n","protected":false},"author":1,"featured_media":0,"parent":0,"menu_order":0,"comment_status":"closed","ping_status":"closed","template":"","meta":{"footnotes":""},"class_list":["post-14445","page","type-page","status-publish","hentry"],"_links":{"self":[{"href":"https:\/\/upcyclea.com\/es\/wp-json\/wp\/v2\/pages\/14445","targetHints":{"allow":["GET"]}}],"collection":[{"href":"https:\/\/upcyclea.com\/es\/wp-json\/wp\/v2\/pages"}],"about":[{"href":"https:\/\/upcyclea.com\/es\/wp-json\/wp\/v2\/types\/page"}],"author":[{"embeddable":true,"href":"https:\/\/upcyclea.com\/es\/wp-json\/wp\/v2\/users\/1"}],"replies":[{"embeddable":true,"href":"https:\/\/upcyclea.com\/es\/wp-json\/wp\/v2\/comments?post=14445"}],"version-history":[{"count":10,"href":"https:\/\/upcyclea.com\/es\/wp-json\/wp\/v2\/pages\/14445\/revisions"}],"predecessor-version":[{"id":28271,"href":"https:\/\/upcyclea.com\/es\/wp-json\/wp\/v2\/pages\/14445\/revisions\/28271"}],"wp:attachment":[{"href":"https:\/\/upcyclea.com\/es\/wp-json\/wp\/v2\/media?parent=14445"}],"curies":[{"name":"wp","href":"https:\/\/api.w.org\/{rel}","templated":true}]}}