{"id":14449,"date":"2022-08-14T09:58:42","date_gmt":"2022-08-14T07:58:42","guid":{"rendered":"https:\/\/www.upcyclea.com\/upcyclea-library-generic\/"},"modified":"2025-06-16T22:55:57","modified_gmt":"2025-06-16T20:55:57","slug":"upcyclea-library-generic","status":"publish","type":"page","link":"https:\/\/upcyclea.com\/es\/upcyclea-library-generic\/","title":{"rendered":"Biblioteca Upcyclea &#8211; Gen\u00e9rico"},"content":{"rendered":"\t\t<div data-elementor-type=\"wp-page\" data-elementor-id=\"14449\" class=\"elementor elementor-14449 elementor-9461\" data-elementor-post-type=\"page\">\n\t\t\t\t\t\t<section class=\"elementor-section elementor-top-section elementor-element elementor-element-ba1f64d elementor-section-boxed elementor-section-height-default elementor-section-height-default\" data-id=\"ba1f64d\" data-element_type=\"section\" data-e-type=\"section\">\n\t\t\t\t\t\t<div class=\"elementor-container elementor-column-gap-default\">\n\t\t\t\t\t<div class=\"elementor-column elementor-col-100 elementor-top-column elementor-element elementor-element-cc7a840\" data-id=\"cc7a840\" data-element_type=\"column\" data-e-type=\"column\">\n\t\t\t<div class=\"elementor-widget-wrap elementor-element-populated\">\n\t\t\t\t\t\t<div class=\"elementor-element elementor-element-4274bc6 elementor-widget elementor-widget-image\" data-id=\"4274bc6\" data-element_type=\"widget\" data-e-type=\"widget\" data-widget_type=\"image.default\">\n\t\t\t\t<div class=\"elementor-widget-container\">\n\t\t\t\t\t\t\t\t\t\t\t\t\t\t\t<img fetchpriority=\"high\" decoding=\"async\" width=\"1000\" height=\"347\" src=\"https:\/\/upcyclea.com\/wp-content\/uploads\/2022\/10\/Bandeau-Biblioteca.png\" class=\"attachment-full size-full wp-image-15384\" alt=\"\" srcset=\"https:\/\/upcyclea.com\/wp-content\/uploads\/2022\/10\/Bandeau-Biblioteca.png 1000w, https:\/\/upcyclea.com\/wp-content\/uploads\/2022\/10\/Bandeau-Biblioteca-300x104.png 300w, https:\/\/upcyclea.com\/wp-content\/uploads\/2022\/10\/Bandeau-Biblioteca-1024x356.png 1024w, https:\/\/upcyclea.com\/wp-content\/uploads\/2022\/10\/Bandeau-Biblioteca-768x267.png 768w\" sizes=\"(max-width: 1000px) 100vw, 1000px\" \/>\t\t\t\t\t\t\t\t\t\t\t\t\t\t\t<\/div>\n\t\t\t\t<\/div>\n\t\t\t\t\t<\/div>\n\t\t<\/div>\n\t\t\t\t\t<\/div>\n\t\t<\/section>\n\t\t\t\t<section class=\"elementor-section elementor-top-section elementor-element elementor-element-5c0d461 elementor-section-boxed elementor-section-height-default elementor-section-height-default\" data-id=\"5c0d461\" data-element_type=\"section\" data-e-type=\"section\">\n\t\t\t\t\t\t<div class=\"elementor-container elementor-column-gap-default\">\n\t\t\t\t\t<div class=\"elementor-column elementor-col-100 elementor-top-column elementor-element elementor-element-ca5f910\" data-id=\"ca5f910\" data-element_type=\"column\" data-e-type=\"column\">\n\t\t\t<div class=\"elementor-widget-wrap elementor-element-populated\">\n\t\t\t\t\t\t<div class=\"elementor-element elementor-element-d1204e8 elementor-widget elementor-widget-heading\" data-id=\"d1204e8\" data-element_type=\"widget\" data-e-type=\"widget\" data-widget_type=\"heading.default\">\n\t\t\t\t<div class=\"elementor-widget-container\">\n\t\t\t\t\t<h2 class=\"elementor-heading-title elementor-size-default\">Usted solicita la creaci\u00f3n de un<\/h2>\t\t\t\t<\/div>\n\t\t\t\t<\/div>\n\t\t\t\t<div class=\"elementor-element elementor-element-9702051 elementor-widget elementor-widget-heading\" data-id=\"9702051\" data-element_type=\"widget\" data-e-type=\"widget\" data-widget_type=\"heading.default\">\n\t\t\t\t<div class=\"elementor-widget-container\">\n\t\t\t\t\t<h2 class=\"elementor-heading-title elementor-size-default\">Pasaporte digital gen\u00e9rico<\/h2>\t\t\t\t<\/div>\n\t\t\t\t<\/div>\n\t\t\t\t<section class=\"elementor-section elementor-inner-section elementor-element elementor-element-d78f052 elementor-section-boxed elementor-section-height-default elementor-section-height-default\" data-id=\"d78f052\" data-element_type=\"section\" data-e-type=\"section\">\n\t\t\t\t\t\t<div class=\"elementor-container elementor-column-gap-default\">\n\t\t\t\t\t<div class=\"elementor-column elementor-col-100 elementor-inner-column elementor-element elementor-element-62e2284\" data-id=\"62e2284\" data-element_type=\"column\" data-e-type=\"column\">\n\t\t\t<div class=\"elementor-widget-wrap elementor-element-populated\">\n\t\t\t\t\t\t<div class=\"elementor-element elementor-element-23c9a52 elementor-widget elementor-widget-text-editor\" data-id=\"23c9a52\" data-element_type=\"widget\" data-e-type=\"widget\" data-widget_type=\"text-editor.default\">\n\t\t\t\t<div class=\"elementor-widget-container\">\n\t\t\t\t\t\t\t\t\t<p>Por favor, rellene el siguiente formulario:<\/p>\t\t\t\t\t\t\t\t<\/div>\n\t\t\t\t<\/div>\n\t\t\t\t<div class=\"elementor-element elementor-element-0ba33e9 elementor-widget elementor-widget-text-editor\" data-id=\"0ba33e9\" data-element_type=\"widget\" data-e-type=\"widget\" data-widget_type=\"text-editor.default\">\n\t\t\t\t<div class=\"elementor-widget-container\">\n\t\t\t\t\t\t\t\t\t<p><span style=\"color: #ffaa00;\">*<\/span> campos obligatorios<\/p>\t\t\t\t\t\t\t\t<\/div>\n\t\t\t\t<\/div>\n\t\t\t\t\t<\/div>\n\t\t<\/div>\n\t\t\t\t\t<\/div>\n\t\t<\/section>\n\t\t\t\t<div class=\"elementor-element elementor-element-97f6956 elementor-widget elementor-widget-wpforms\" data-id=\"97f6956\" data-element_type=\"widget\" data-e-type=\"widget\" data-widget_type=\"wpforms.default\">\n\t\t\t\t<div class=\"elementor-widget-container\">\n\t\t\t\t\t<div class=\"wpforms-container wpforms-container-full wpforms-render-modern\" id=\"wpforms-28053\"><form id=\"wpforms-form-28053\" class=\"wpforms-validate wpforms-form\" data-formid=\"28053\" method=\"post\" enctype=\"multipart\/form-data\" action=\"\/es\/wp-json\/wp\/v2\/pages\/14449\" data-token=\"aa3d4a7a4ec68d56887d9cfc22bff535\" data-token-time=\"1776968104\"><noscript class=\"wpforms-error-noscript\">Por favor, activa JavaScript en tu navegador para completar este formulario.<\/noscript><div id=\"wpforms-error-noscript\" style=\"display: none;\">Por favor, activa JavaScript en tu navegador para completar este formulario.<\/div><div class=\"wpforms-field-container\"><div id=\"wpforms-28053-field_1-container\" class=\"wpforms-field wpforms-field-radio\" data-field-id=\"1\"><fieldset><legend class=\"wpforms-field-label wpforms-label-hide\" aria-hidden=\"false\"><\/legend><ul id=\"wpforms-28053-field_1\"><li class=\"choice-0 depth-1\"><input type=\"radio\" id=\"wpforms-28053-field_1_0\" name=\"wpforms[fields][1]\" value=\"Se\u00f1or\" aria-errormessage=\"wpforms-28053-field_1_0-error\"  ><label class=\"wpforms-field-label-inline\" for=\"wpforms-28053-field_1_0\">Se\u00f1or<\/label><\/li><li class=\"choice-1 depth-1\"><input type=\"radio\" id=\"wpforms-28053-field_1_1\" name=\"wpforms[fields][1]\" value=\"Se\u00f1ora\" aria-errormessage=\"wpforms-28053-field_1_1-error\"  ><label class=\"wpforms-field-label-inline\" for=\"wpforms-28053-field_1_1\">Se\u00f1ora<\/label><\/li><\/ul><\/fieldset><\/div><div id=\"wpforms-28053-field_2-container\" class=\"wpforms-field wpforms-field-text\" data-field-id=\"2\"><label class=\"wpforms-field-label\" for=\"wpforms-28053-field_2\">Nombre <span class=\"wpforms-required-label\" aria-hidden=\"true\">*<\/span><\/label><input type=\"text\" id=\"wpforms-28053-field_2\" class=\"wpforms-field-medium wpforms-field-required\" name=\"wpforms[fields][2]\" aria-errormessage=\"wpforms-28053-field_2-error\" required><\/div><div id=\"wpforms-28053-field_3-container\" class=\"wpforms-field wpforms-field-text\" data-field-id=\"3\"><label class=\"wpforms-field-label\" for=\"wpforms-28053-field_3\">Apellido <span class=\"wpforms-required-label\" aria-hidden=\"true\">*<\/span><\/label><input type=\"text\" id=\"wpforms-28053-field_3\" class=\"wpforms-field-medium wpforms-field-required\" name=\"wpforms[fields][3]\" aria-errormessage=\"wpforms-28053-field_3-error\" required><\/div><div id=\"wpforms-28053-field_4-container\" class=\"wpforms-field wpforms-field-text\" data-field-id=\"4\"><label class=\"wpforms-field-label\" for=\"wpforms-28053-field_4\">Organizaci\u00f3n <span class=\"wpforms-required-label\" aria-hidden=\"true\">*<\/span><\/label><input type=\"text\" id=\"wpforms-28053-field_4\" class=\"wpforms-field-medium wpforms-field-required\" name=\"wpforms[fields][4]\" aria-errormessage=\"wpforms-28053-field_4-error\" required><\/div><div id=\"wpforms-28053-field_39-container\" class=\"wpforms-field wpforms-field-select wpforms-field-select-style-classic\" data-field-id=\"39\"><label class=\"wpforms-field-label\" for=\"wpforms-28053-field_39\">Soy... <span class=\"wpforms-required-label\" aria-hidden=\"true\">*<\/span><\/label><select id=\"wpforms-28053-field_39\" class=\"wpforms-field-medium wpforms-field-required\" name=\"wpforms[fields][39]\" required=\"required\"><option value=\"\" class=\"placeholder\" disabled >---<\/option><option value=\"Proprietario\"  selected='selected' class=\"choice-0 depth-1\"  >Proprietario<\/option><option value=\"Arquitecto\"  class=\"choice-3 depth-1\"  >Arquitecto<\/option><option value=\"Contratista general\"  class=\"choice-1 depth-1\"  >Contratista general<\/option><option value=\"Oficina de dise\u00f1o\"  class=\"choice-2 depth-1\"  >Oficina de dise\u00f1o<\/option><option value=\"Otro\"  class=\"choice-4 depth-1\"  >Otro<\/option><\/select><\/div><div id=\"wpforms-28053-field_5-container\" class=\"wpforms-field wpforms-field-email\" data-field-id=\"5\"><label class=\"wpforms-field-label\" for=\"wpforms-28053-field_5\">Correo electr\u00f3nico <span class=\"wpforms-required-label\" aria-hidden=\"true\">*<\/span><\/label><input type=\"email\" id=\"wpforms-28053-field_5\" class=\"wpforms-field-medium wpforms-field-required\" name=\"wpforms[fields][5]\" spellcheck=\"false\" aria-errormessage=\"wpforms-28053-field_5-error\" required><\/div><div id=\"wpforms-28053-field_6-container\" class=\"wpforms-field wpforms-field-phone\" data-field-id=\"6\"><label class=\"wpforms-field-label\" for=\"wpforms-28053-field_6\">Tel\u00e9fono <span class=\"wpforms-required-label\" aria-hidden=\"true\">*<\/span><\/label><input type=\"tel\" id=\"wpforms-28053-field_6\" class=\"wpforms-field-medium wpforms-field-required\" data-rule-int-phone-field=\"true\" name=\"wpforms[fields][6]\" aria-label=\"Tel\u00e9fono\" aria-errormessage=\"wpforms-28053-field_6-error\" required><\/div><div id=\"wpforms-28053-field_41-container\" class=\"wpforms-field wpforms-field-divider\" data-field-id=\"41\"><h3 id=\"wpforms-28053-field_41\" aria-errormessage=\"wpforms-28053-field_41-error\" aria-describedby=\"wpforms-28053-field_41-description\">Pedido de pasaporte gen\u00e9rico<\/h3><div id=\"wpforms-28053-field_41-description\" class=\"wpforms-field-description\">Por favor, introduzca la informaci\u00f3n necesaria para crear un pasaporte gen\u00e9rico de producto.\n\nNos pondremos en contacto con usted cuando este pasaporte est\u00e9 disponible.\n\nPor favor, sea lo m\u00e1s preciso posible para que su solicitud pueda ser procesada lo antes posible.<\/div><\/div><div id=\"wpforms-28053-field_9-container\" class=\"wpforms-field wpforms-field-text\" data-field-id=\"9\"><label class=\"wpforms-field-label\" for=\"wpforms-28053-field_9\">Nombre del producto <span class=\"wpforms-required-label\" aria-hidden=\"true\">*<\/span><\/label><input type=\"text\" id=\"wpforms-28053-field_9\" class=\"wpforms-field-medium wpforms-field-required\" name=\"wpforms[fields][9]\" aria-errormessage=\"wpforms-28053-field_9-error\" required><\/div><div id=\"wpforms-28053-field_65-container\" class=\"wpforms-field wpforms-field-layout\" data-field-id=\"65\"><h3 class=\"wpforms-field-label\">\n\t\t\t\tUnidad funcional del pasaporte\n\t\t\t<\/h3><div class=\"wpforms-field-layout-rows wpforms-field-large\"><div class=\"wpforms-layout-row\"><div class=\"wpforms-layout-column wpforms-layout-column-50\"><div id=\"wpforms-28053-field_54-container\" class=\"wpforms-field wpforms-field-select wpforms-field-select-style-classic\" data-field-id=\"54\"><label class=\"wpforms-field-label\" for=\"wpforms-28053-field_54\">Unidad de pasaporte del producto <span class=\"wpforms-required-label\" aria-hidden=\"true\">*<\/span><\/label><select id=\"wpforms-28053-field_54\" class=\"wpforms-field-medium wpforms-field-required\" name=\"wpforms[fields][54]\" required=\"required\"><option value=\"\" class=\"placeholder\" disabled  selected='selected'>--- S\u00e9lectionner un choix ---<\/option><option value=\"kg\"  class=\"choice-1 depth-1\"  >kg<\/option><option value=\"tonelada\"  class=\"choice-2 depth-1\"  >tonelada<\/option><option value=\"m\"  class=\"choice-3 depth-1\"  >m<\/option><option value=\"m2\"  class=\"choice-4 depth-1\"  >m2<\/option><option value=\"m3\"  class=\"choice-5 depth-1\"  >m3<\/option><option value=\"L\"  class=\"choice-6 depth-1\"  >L<\/option><option value=\"pieza\"  class=\"choice-7 depth-1\"  >pieza<\/option><\/select><\/div><\/div><div class=\"wpforms-layout-column wpforms-layout-column-50\"><div id=\"wpforms-28053-field_67-container\" class=\"wpforms-field wpforms-field-number\" data-field-id=\"67\"><label class=\"wpforms-field-label\" for=\"wpforms-28053-field_67\">Conversi\u00f3n en peso (kg) para 1 unidad de producto <span class=\"wpforms-required-label\" aria-hidden=\"true\">*<\/span><\/label><input type=\"number\" id=\"wpforms-28053-field_67\" class=\"wpforms-field-medium wpforms-field-required\" name=\"wpforms[fields][67]\" step=\"any\" aria-errormessage=\"wpforms-28053-field_67-error\" required><\/div><\/div><\/div><\/div><\/div><div id=\"wpforms-28053-field_56-container\" class=\"wpforms-field wpforms-field-layout\" data-field-id=\"56\"><h3 class=\"wpforms-field-label\">\n\t\t\t\tComposici\u00f3n del producto\n\t\t\t<\/h3><div class=\"wpforms-field-layout-rows wpforms-field-large\"><div class=\"wpforms-layout-row\"><div class=\"wpforms-layout-column wpforms-layout-column-67\"><div id=\"wpforms-28053-field_57-container\" class=\"wpforms-field wpforms-field-text\" data-field-id=\"57\"><label class=\"wpforms-field-label\" for=\"wpforms-28053-field_57\">Material 1 <span class=\"wpforms-required-label\" aria-hidden=\"true\">*<\/span><\/label><input type=\"text\" id=\"wpforms-28053-field_57\" class=\"wpforms-field-medium wpforms-field-required\" name=\"wpforms[fields][57]\" aria-errormessage=\"wpforms-28053-field_57-error\" required><\/div><\/div><div class=\"wpforms-layout-column wpforms-layout-column-33\"><div id=\"wpforms-28053-field_61-container\" class=\"wpforms-field wpforms-field-number\" data-field-id=\"61\"><label class=\"wpforms-field-label\" for=\"wpforms-28053-field_61\">% en masa <span class=\"wpforms-required-label\" aria-hidden=\"true\">*<\/span><\/label><input type=\"number\" id=\"wpforms-28053-field_61\" class=\"wpforms-field-medium wpforms-field-required\" name=\"wpforms[fields][61]\" step=\"any\" aria-errormessage=\"wpforms-28053-field_61-error\" required><\/div><\/div><\/div><div class=\"wpforms-layout-row\"><div class=\"wpforms-layout-column wpforms-layout-column-67\"><div id=\"wpforms-28053-field_58-container\" class=\"wpforms-field wpforms-field-text\" data-field-id=\"58\"><label class=\"wpforms-field-label\" for=\"wpforms-28053-field_58\">Material 2<\/label><input type=\"text\" id=\"wpforms-28053-field_58\" class=\"wpforms-field-medium\" name=\"wpforms[fields][58]\" aria-errormessage=\"wpforms-28053-field_58-error\" ><\/div><\/div><div class=\"wpforms-layout-column wpforms-layout-column-33\"><div id=\"wpforms-28053-field_62-container\" class=\"wpforms-field wpforms-field-number\" data-field-id=\"62\"><label class=\"wpforms-field-label\" for=\"wpforms-28053-field_62\">% en masa<\/label><input type=\"number\" id=\"wpforms-28053-field_62\" class=\"wpforms-field-medium\" name=\"wpforms[fields][62]\" step=\"any\" aria-errormessage=\"wpforms-28053-field_62-error\" ><\/div><\/div><\/div><div class=\"wpforms-layout-row\"><div class=\"wpforms-layout-column wpforms-layout-column-67\"><div id=\"wpforms-28053-field_59-container\" class=\"wpforms-field wpforms-field-text\" data-field-id=\"59\"><label class=\"wpforms-field-label\" for=\"wpforms-28053-field_59\">Material 3<\/label><input type=\"text\" id=\"wpforms-28053-field_59\" class=\"wpforms-field-medium\" name=\"wpforms[fields][59]\" aria-errormessage=\"wpforms-28053-field_59-error\" ><\/div><\/div><div class=\"wpforms-layout-column wpforms-layout-column-33\"><div id=\"wpforms-28053-field_63-container\" class=\"wpforms-field wpforms-field-number\" data-field-id=\"63\"><label class=\"wpforms-field-label\" for=\"wpforms-28053-field_63\">% en masa<\/label><input type=\"number\" id=\"wpforms-28053-field_63\" class=\"wpforms-field-medium\" name=\"wpforms[fields][63]\" step=\"any\" aria-errormessage=\"wpforms-28053-field_63-error\" ><\/div><\/div><\/div><\/div><\/div><div id=\"wpforms-28053-field_68-container\" class=\"wpforms-field wpforms-field-layout\" data-field-id=\"68\"><h3 class=\"wpforms-field-label\">\n\t\t\t\tDimensiones\n\t\t\t<\/h3><div class=\"wpforms-field-layout-rows wpforms-field-large\"><div class=\"wpforms-layout-row\"><div class=\"wpforms-layout-column wpforms-layout-column-33\"><div id=\"wpforms-28053-field_69-container\" class=\"wpforms-field wpforms-field-number\" data-field-id=\"69\"><label class=\"wpforms-field-label\" for=\"wpforms-28053-field_69\">Longitud (mm)<\/label><input type=\"number\" id=\"wpforms-28053-field_69\" class=\"wpforms-field-medium\" name=\"wpforms[fields][69]\" step=\"any\" aria-errormessage=\"wpforms-28053-field_69-error\" ><\/div><\/div><div class=\"wpforms-layout-column wpforms-layout-column-33\"><div id=\"wpforms-28053-field_70-container\" class=\"wpforms-field wpforms-field-number\" data-field-id=\"70\"><label class=\"wpforms-field-label\" for=\"wpforms-28053-field_70\">Anchura (mm)<\/label><input type=\"number\" id=\"wpforms-28053-field_70\" class=\"wpforms-field-medium\" name=\"wpforms[fields][70]\" step=\"any\" aria-errormessage=\"wpforms-28053-field_70-error\" ><\/div><\/div><div class=\"wpforms-layout-column wpforms-layout-column-33\"><div id=\"wpforms-28053-field_71-container\" class=\"wpforms-field wpforms-field-number\" data-field-id=\"71\"><label class=\"wpforms-field-label\" for=\"wpforms-28053-field_71\">Altura (mm)<\/label><input type=\"number\" id=\"wpforms-28053-field_71\" class=\"wpforms-field-medium\" name=\"wpforms[fields][71]\" step=\"any\" aria-errormessage=\"wpforms-28053-field_71-error\" ><\/div><\/div><\/div><\/div><\/div><div id=\"wpforms-28053-field_52-container\" class=\"wpforms-field wpforms-field-checkbox\" data-field-id=\"52\"><fieldset><legend class=\"wpforms-field-label\">Autorizaci\u00f3n <span class=\"wpforms-required-label\" aria-hidden=\"true\">*<\/span><\/legend><ul id=\"wpforms-28053-field_52\" class=\"wpforms-field-required\"><li class=\"choice-1 depth-1\"><input type=\"checkbox\" id=\"wpforms-28053-field_52_1\" name=\"wpforms[fields][52][]\" value=\"Certifico que la informaci\u00f3n facilitada es correcta\" aria-errormessage=\"wpforms-28053-field_52_1-error\" required ><label class=\"wpforms-field-label-inline\" for=\"wpforms-28053-field_52_1\">Certifico que la informaci\u00f3n facilitada es correcta<\/label><\/li><\/ul><\/fieldset><\/div><\/div><!-- .wpforms-field-container --><div class=\"wpforms-recaptcha-container wpforms-is-recaptcha wpforms-is-recaptcha-type-v3\" ><input type=\"hidden\" name=\"wpforms[recaptcha]\" value=\"\"><\/div><div class=\"wpforms-submit-container\" ><input type=\"hidden\" name=\"wpforms[id]\" value=\"28053\"><input type=\"hidden\" name=\"page_title\" value=\"\"><input type=\"hidden\" name=\"page_url\" value=\"https:\/\/upcyclea.com\/es\/wp-json\/wp\/v2\/pages\/14449\"><input type=\"hidden\" name=\"url_referer\" value=\"\"><button type=\"submit\" name=\"wpforms[submit]\" id=\"wpforms-submit-28053\" class=\"wpforms-submit\" data-alt-text=\"Enviando...\" data-submit-text=\"Enviar\" aria-live=\"assertive\" value=\"wpforms-submit\">Enviar<\/button><\/div><\/form><\/div>  <!-- .wpforms-container -->\t\t\t\t<\/div>\n\t\t\t\t<\/div>\n\t\t\t\t\t<\/div>\n\t\t<\/div>\n\t\t\t\t\t<\/div>\n\t\t<\/section>\n\t\t\t\t<\/div>\n\t\t","protected":false},"excerpt":{"rendered":"<p>Usted solicita la creaci\u00f3n de un Pasaporte digital gen\u00e9rico Por favor, rellene el siguiente formulario: * campos obligatorios Por favor, activa JavaScript en tu navegador para completar este formulario.Por favor, activa JavaScript en tu navegador para completar este formulario. Se\u00f1or Se\u00f1ora Nombre *Apellido *Organizaci\u00f3n *Soy&#8230; *&#8212;ProprietarioArquitectoContratista generalOficina de dise\u00f1oOtroCorreo electr\u00f3nico *Tel\u00e9fono * Pedido de pasaporte [&hellip;]<\/p>\n","protected":false},"author":1,"featured_media":0,"parent":0,"menu_order":0,"comment_status":"closed","ping_status":"closed","template":"","meta":{"footnotes":""},"class_list":["post-14449","page","type-page","status-publish","hentry"],"_links":{"self":[{"href":"https:\/\/upcyclea.com\/es\/wp-json\/wp\/v2\/pages\/14449","targetHints":{"allow":["GET"]}}],"collection":[{"href":"https:\/\/upcyclea.com\/es\/wp-json\/wp\/v2\/pages"}],"about":[{"href":"https:\/\/upcyclea.com\/es\/wp-json\/wp\/v2\/types\/page"}],"author":[{"embeddable":true,"href":"https:\/\/upcyclea.com\/es\/wp-json\/wp\/v2\/users\/1"}],"replies":[{"embeddable":true,"href":"https:\/\/upcyclea.com\/es\/wp-json\/wp\/v2\/comments?post=14449"}],"version-history":[{"count":10,"href":"https:\/\/upcyclea.com\/es\/wp-json\/wp\/v2\/pages\/14449\/revisions"}],"predecessor-version":[{"id":28298,"href":"https:\/\/upcyclea.com\/es\/wp-json\/wp\/v2\/pages\/14449\/revisions\/28298"}],"wp:attachment":[{"href":"https:\/\/upcyclea.com\/es\/wp-json\/wp\/v2\/media?parent=14449"}],"curies":[{"name":"wp","href":"https:\/\/api.w.org\/{rel}","templated":true}]}}